{"id":6012,"date":"2022-06-08T06:43:30","date_gmt":"2022-06-08T04:43:30","guid":{"rendered":"https:\/\/textradekft.hu\/mogucnosti-za-karijeru\/"},"modified":"2025-03-26T11:48:25","modified_gmt":"2025-03-26T10:48:25","slug":"mogucnosti-za-karijeru","status":"publish","type":"page","link":"https:\/\/textradekft.hu\/sr\/mogucnosti-za-karijeru\/","title":{"rendered":"Mogucnosti za karijeru"},"content":{"rendered":"\t\t<div data-elementor-type=\"wp-page\" data-elementor-id=\"6012\" class=\"elementor elementor-6012 elementor-5\" data-elementor-post-type=\"page\">\n\t\t\t\t<div class=\"elementor-element elementor-element-65b4120 e-flex e-con-boxed e-con e-parent\" data-id=\"65b4120\" data-element_type=\"container\" data-e-type=\"container\">\n\t\t\t\t\t<div class=\"e-con-inner\">\n\t\t\t\t<div class=\"elementor-element elementor-element-095e4b3 elementor-widget elementor-widget-heading\" data-id=\"095e4b3\" data-element_type=\"widget\" data-e-type=\"widget\" data-widget_type=\"heading.default\">\n\t\t\t\t<div class=\"elementor-widget-container\">\n\t\t\t\t\t<h2 class=\"elementor-heading-title elementor-size-default\">Aktuelna slobodna radna mesta<\/h2>\t\t\t\t<\/div>\n\t\t\t\t<\/div>\n\t\t\t\t\t<\/div>\n\t\t\t\t<\/div>\n\t\t<div class=\"elementor-element elementor-element-b15d4a5 e-flex e-con-boxed e-con e-parent\" data-id=\"b15d4a5\" data-element_type=\"container\" data-e-type=\"container\">\n\t\t\t\t\t<div class=\"e-con-inner\">\n\t\t\t\t<div class=\"elementor-element elementor-element-cd7420d elementor-widget elementor-widget-heading\" data-id=\"cd7420d\" data-element_type=\"widget\" data-e-type=\"widget\" data-widget_type=\"heading.default\">\n\t\t\t\t<div class=\"elementor-widget-container\">\n\t\t\t\t\t<h2 class=\"elementor-heading-title elementor-size-default\">Tra\u017eimo osobe za sortiranje ode\u0107e za na\u0161 radni tim<\/h2>\t\t\t\t<\/div>\n\t\t\t\t<\/div>\n\t\t\t\t\t<\/div>\n\t\t\t\t<\/div>\n\t\t<div class=\"elementor-element elementor-element-f4333bc e-flex e-con-boxed e-con e-parent\" data-id=\"f4333bc\" data-element_type=\"container\" data-e-type=\"container\">\n\t\t\t\t\t<div class=\"e-con-inner\">\n\t\t\t\t<div class=\"elementor-element elementor-element-409e218 elementor-widget elementor-widget-text-editor\" data-id=\"409e218\" data-element_type=\"widget\" data-e-type=\"widget\" data-widget_type=\"text-editor.default\">\n\t\t\t\t<div class=\"elementor-widget-container\">\n\t\t\t\t\t\t\t\t\t<p><strong>Da li biste \u017eeleli da radite u jednoj dnevnoj smeni od ponedeljka do petka?<br>Da li imate dobru izdr\u017eljivost i nemate problema sa manuelnim radom?<br>Ukoliko su va\u0161i odgovori \u201eda\u201c, nudimo vam posao! <\/strong><\/p><h2><a href=\"https:\/\/forms.gle\/4sRR9TTPNChXurf19\" target=\"_blank\" rel=\"noopener\">KLIKNITE OVDE DA SE PRIJAVITE<\/a><\/h2><p><strong>Zadaci:<\/strong><\/p><ul><li>Sortiranje kori\u0161cene odece i primljenih proizvoda prema radnom uputstvu ili prema obuci za posao.<\/li><li>Sortiranje proizvoda na odgovarajuca mesta i slotove uzimajuci u obzir kriterijume kvaliteta i kvantiteta.<\/li><\/ul><p><strong>O\u010dekivanja:<\/strong><\/p><ul><li>Obavljanje rutinskih zadataka koji se ponavljaju<\/li><li>Manuelnih i fizi\u010dkih radnih zadataka.<\/li><li>Sposobnost rada u stojecem polo\u017eaju i obavljanja ponavljajucih<\/li><li>Sposobnost preciznog i brzog rada nakon obuke<\/li><li>Prilagodljivost (vruce skladi\u0161te leti, hladno skladi\u0161te zimi \/ rad sa kori\u0161cenim proizvodima koji mogu da budu prljavi i\/ili pra\u0161njavi)<\/li><li>Posvec\u0301enost prekovremenom radu.<\/li><\/ul><p><strong>\u0160ta nudimo:<\/strong><\/p><p>Radno vreme: ponedeljak-petak 6:00-14:45.<\/p><p>Pauza od 10 minuta svakog sata (osim prvog i poslednjeg sata smene), plus 30 minuta pauze za ru\u010dak.<\/p><p>Proizvodnja se zaustavlja na dve dvonedeljne pauze dva puta godi\u0161nje (leto, bo\u017eicno-novogodi\u0161nji period).<\/p><p><strong>Ugovor o radu na neodre\u0111eno vreme sa punim radnim vremenom<\/strong><\/p><p>Munk\u00e1ba j\u00e1r\u00e1s t\u00e1mogat\u00e1sa (helyk\u00f6zi \u00e9s helyij\u00e1ratos b\u00e9rlet 86%-a, aut\u00f3ra 30Ft\/km Sz\u00e9kesfeh\u00e9rv\u00e1ron k\u00edv\u00fcli telep\u00fcl\u00e9sr\u0151l)<\/p><p>Mogucnost stabilnog zaposlenja u kompaniji sa skoro 25 godina iskustva<\/p><p><strong>Prednosti nakon obuke: <\/strong><\/p><ul><li><strong>380.050 HUF bruto<\/strong> mese\u010dna fiksna osnovna plata<\/li><li>Havi brutt\u00f3 22.500 Ft jelenl\u00e9ti b\u00f3nusz.<\/li><li>Havi nett\u00f3 8.000 Ft Rewin utalv\u00e1ny.<\/li><li>7 kg polovne odece mese\u010dno<\/li><\/ul><p> <\/p><p> <\/p><p><strong>Prednosti nakon obuke:<\/strong><\/p><ul><li>Havi brutt\u00f3 290.800 Ft fix alapb\u00e9r + teljes\u00edtm\u00e9nyb\u00e9r. Ennek \u00f6sszege<strong><u> 100%-os norma <\/u><\/strong>teljes\u00edt\u00e9se eset\u00e9n<strong><u> \u00e1tlag brutt\u00f3 380.050 Ft <\/u><\/strong>. <\/li><\/ul><p>Norma feletti teljes\u00edt\u00e9s eset\u00e9n a teljes\u00edtm\u00e9nnyel ar\u00e1nyosan magasabb a b\u00e9r. A <strong><u>norma <\/u><\/strong>feletti teljes\u00edt\u00e9snek <strong><u>fels\u0151korl\u00e1t<\/u><\/strong>ja <strong><u>nincs.<\/u><\/strong> <\/p><p>Az alapb\u00e9rrel \u00e9s a teljes\u00edtm\u00e9nyb\u00e9rrel el\u00e9rhet\u0151 <strong><u>\u00e1tlagos brutt\u00f3 b\u00e9r 530.000 Ft.<\/u><\/strong><\/p><ul><li>Havi nett\u00f3 8.000 Ft Rewin utalv\u00e1ny.<\/li><li>7 kg polovne odece mese\u010dno<\/li><li>Negyed\u00e9vente brutt\u00f3 67.700 Ft jelenl\u00e9ti b\u00f3nusz.<\/li><\/ul><p><strong>Tov\u00e1bbi juttat\u00e1sok:<\/strong><\/p><p><strong>H\u0171s\u00e9gb\u00f3nusz:<\/strong><\/p><p>Az els\u0151 6 h\u00f3nap ut\u00e1n brutt\u00f3 270.677 Ft\/f\u00e9l\u00e9v (ha a m\u00e1sodik 6 h\u00f3napodat is ledolgozod n\u00e1lunk, brutt\u00f3 315.790 Ft a 2. f\u00e9l\u00e9v ut\u00e1n).<\/p><p><strong>Aj\u00e1nl\u00e1si b\u00f3nusz<\/strong><\/p><p>Ha \u00faj koll\u00e9g\u00e1t aj\u00e1nlsz nek\u00fcnk, akkor brutt\u00f3 150.375 Forinttal honor\u00e1ljuk az aj\u00e1nl\u00e1st.<\/p><p><strong>Egy\u00e9b, teljes\u00edtm\u00e9nnyel \u00f6sszef\u00fcgg\u0151 b\u00f3nuszok:<\/strong><\/p><p>(pl. Hippi b\u00f3nusz)<\/p><p>N\u00e9h\u00e1ny h\u00e9t alatt betanulhat\u00f3 munka, amelyhez a seg\u00edts\u00e9get a betan\u00edt\u00f3 Koll\u00e9g\u00e1t\u00f3l megkapod.<\/p><p>Nincsenek kapcsol\u00f3d\u00f3 adminisztr\u00e1ci\u00f3s feladatok, nem kell sz\u00e1m\u00edt\u00f3g\u00e9pes rendszerekben adatokat r\u00f6gz\u00edteni.<\/p><p><b>Podaci o kompaniji:<br><\/b>Textrade Kft. je osnovana 1990. godine i kroz svesni razvoj i ulaganja ve\u0107 dugo je vodeci ma\u0111arski<br>veletrgovac polovnom odecom.<br>U fabrici u Seke\u0161fehervaru pa\u017eljivo se sortiraju, razvrstavaju i prodaju sirovine iz zapadne Evrope<br>(Engleska, \u0160vajcarska, Austrija, Holandija, Nema\u010dka, Italija).<br>Proizvodi (selektovana polovna odeca, ma\u0161inske krpe, tekstilne sirovine, tekstilni \u010dips) se prodaju na<br>doma\u0107em tr\u017ei\u0161tu i u mnogim zemljama \u0161irom sveta. <\/p><p><img fetchpriority=\"high\" decoding=\"async\" src=\"https:\/\/textradekft.hu\/wp-content\/uploads\/2024\/12\/galeria3.jpg\" alt=\"\" width=\"2560\" height=\"1703\"><\/p>\t\t\t\t\t\t\t\t<\/div>\n\t\t\t\t<\/div>\n\t\t\t\t\t<\/div>\n\t\t\t\t<\/div>\n\t\t\t\t<\/div>\n\t\t","protected":false},"excerpt":{"rendered":"<p>Aktuelna slobodna radna mesta Tra\u017eimo osobe za sortiranje ode\u0107e za na\u0161 radni tim Da li biste \u017eeleli da radite u jednoj dnevnoj smeni od ponedeljka do petka?Da li imate dobru izdr\u017eljivost i nemate problema sa manuelnim radom?Ukoliko su va\u0161i odgovori \u201eda\u201c, nudimo vam posao! KLIKNITE OVDE DA SE PRIJAVITE Zadaci: Sortiranje kori\u0161cene odece i primljenih [&hellip;]<\/p>\n","protected":false},"author":3,"featured_media":6013,"parent":0,"menu_order":0,"comment_status":"closed","ping_status":"closed","template":"","meta":{"footnotes":""},"class_list":["post-6012","page","type-page","status-publish","has-post-thumbnail","hentry"],"_links":{"self":[{"href":"https:\/\/textradekft.hu\/sr\/wp-json\/wp\/v2\/pages\/6012","targetHints":{"allow":["GET"]}}],"collection":[{"href":"https:\/\/textradekft.hu\/sr\/wp-json\/wp\/v2\/pages"}],"about":[{"href":"https:\/\/textradekft.hu\/sr\/wp-json\/wp\/v2\/types\/page"}],"author":[{"embeddable":true,"href":"https:\/\/textradekft.hu\/sr\/wp-json\/wp\/v2\/users\/3"}],"replies":[{"embeddable":true,"href":"https:\/\/textradekft.hu\/sr\/wp-json\/wp\/v2\/comments?post=6012"}],"version-history":[{"count":1,"href":"https:\/\/textradekft.hu\/sr\/wp-json\/wp\/v2\/pages\/6012\/revisions"}],"predecessor-version":[{"id":6014,"href":"https:\/\/textradekft.hu\/sr\/wp-json\/wp\/v2\/pages\/6012\/revisions\/6014"}],"wp:featuredmedia":[{"embeddable":true,"href":"https:\/\/textradekft.hu\/sr\/wp-json\/wp\/v2\/media\/6013"}],"wp:attachment":[{"href":"https:\/\/textradekft.hu\/sr\/wp-json\/wp\/v2\/media?parent=6012"}],"curies":[{"name":"wp","href":"https:\/\/api.w.org\/{rel}","templated":true}]}}