{"id":6004,"date":"2023-12-22T22:15:00","date_gmt":"2023-12-22T21:15:00","guid":{"rendered":"https:\/\/textradekft.hu\/nasi-proizvodi\/"},"modified":"2025-03-26T10:45:32","modified_gmt":"2025-03-26T09:45:32","slug":"nasi-proizvodi","status":"publish","type":"page","link":"https:\/\/textradekft.hu\/sr\/nasi-proizvodi\/","title":{"rendered":"Na\u0161i proizvodi"},"content":{"rendered":"\t\t<div data-elementor-type=\"wp-page\" data-elementor-id=\"6004\" class=\"elementor elementor-6004 elementor-4830\" data-elementor-post-type=\"page\">\n\t\t\t\t<div class=\"elementor-element elementor-element-f1fc78d e-con-full products e-flex e-con e-parent\" data-id=\"f1fc78d\" data-element_type=\"container\" data-e-type=\"container\">\n\t\t<div class=\"elementor-element elementor-element-cfcf550 e-flex e-con-boxed e-con e-child\" data-id=\"cfcf550\" data-element_type=\"container\" data-e-type=\"container\" id=\"valogatott\">\n\t\t\t\t\t<div class=\"e-con-inner\">\n\t\t<div class=\"elementor-element elementor-element-022a02d e-flex e-con-boxed e-con e-child\" data-id=\"022a02d\" data-element_type=\"container\" data-e-type=\"container\" data-settings=\"{&quot;background_background&quot;:&quot;classic&quot;}\">\n\t\t\t\t\t<div class=\"e-con-inner\">\n\t\t\t\t<div class=\"elementor-element elementor-element-050b7bc elementor-widget elementor-widget-image\" data-id=\"050b7bc\" data-element_type=\"widget\" data-e-type=\"widget\" data-widget_type=\"image.default\">\n\t\t\t\t<div class=\"elementor-widget-container\">\n\t\t\t\t\t\t\t\t\t\t\t\t\t\t\t<img fetchpriority=\"high\" decoding=\"async\" width=\"800\" height=\"800\" src=\"https:\/\/textradekft.hu\/wp-content\/uploads\/2023\/12\/termek1-1024x1024.jpg\" class=\"attachment-large size-large wp-image-5983\" alt=\"\" srcset=\"https:\/\/textradekft.hu\/wp-content\/uploads\/2023\/12\/termek1-1024x1024.jpg 1024w, https:\/\/textradekft.hu\/wp-content\/uploads\/2023\/12\/termek1-300x300.jpg 300w, https:\/\/textradekft.hu\/wp-content\/uploads\/2023\/12\/termek1-150x150.jpg 150w, https:\/\/textradekft.hu\/wp-content\/uploads\/2023\/12\/termek1-768x768.jpg 768w, https:\/\/textradekft.hu\/wp-content\/uploads\/2023\/12\/termek1-217x217.jpg 217w, https:\/\/textradekft.hu\/wp-content\/uploads\/2023\/12\/termek1.jpg 1333w\" sizes=\"(max-width: 800px) 100vw, 800px\" \/>\t\t\t\t\t\t\t\t\t\t\t\t\t\t\t<\/div>\n\t\t\t\t<\/div>\n\t\t\t\t\t<\/div>\n\t\t\t\t<\/div>\n\t\t<div class=\"elementor-element elementor-element-98a2888 e-flex e-con-boxed e-con e-child\" data-id=\"98a2888\" data-element_type=\"container\" data-e-type=\"container\">\n\t\t\t\t\t<div class=\"e-con-inner\">\n\t\t\t\t<div class=\"elementor-element elementor-element-f13f523 elementor-widget elementor-widget-heading\" data-id=\"f13f523\" data-element_type=\"widget\" data-e-type=\"widget\" data-widget_type=\"heading.default\">\n\t\t\t\t<div class=\"elementor-widget-container\">\n\t\t\t\t\t<h3 class=\"elementor-heading-title elementor-size-default\">Selektovana polovna ode\u0107a<\/h3>\t\t\t\t<\/div>\n\t\t\t\t<\/div>\n\t\t\t\t<div class=\"elementor-element elementor-element-de6092a elementor-widget elementor-widget-text-editor\" data-id=\"de6092a\" data-element_type=\"widget\" data-e-type=\"widget\" data-widget_type=\"text-editor.default\">\n\t\t\t\t<div class=\"elementor-widget-container\">\n\t\t\t\t\t\t\t\t\t<p><span style=\"text-align: var(--text-align); background-color: var(--alpha-page-wrapper-bg-color);\">Na\u0161i proizvodi se proizvode kroz stru\u010dno sortiranje i razvrstavanje originalne robe koja se isporu\u010duje<br>iz Zapadne Evrope.<\/span><\/p><p><span style=\"text-align: var(--text-align); background-color: var(--alpha-page-wrapper-bg-color); letter-spacing: var(--alpha-body-letter-spacing); text-transform: var(--alpha-body-text-transform);\">U zavisnosti od vrste robe, ona se pakuje u male transparentne PE vre\u0107e (20-25 kg) ili velike bele PP<br>vre\u0107e (40-100 kg). Na\u0161im preprodavcima nudimo na\u0161e proizvode u klasama krem, ekstra i 1. klasa. <\/span><\/p><p><span style=\"text-align: var(--text-align); background-color: var(--alpha-page-wrapper-bg-color); letter-spacing: var(--alpha-body-letter-spacing); text-transform: var(--alpha-body-text-transform);\">Ukoliko \u017eelite da selektujete i odaberete proizvode po sopstvenom izboru, nudimo i mogu\u0107nost<br>sortiranja originalne\/nesortirane robe. Za detaljne informacije i uslove, molimo vas kontaktirajte nas<br>putem telefona ili imejla.  <\/span><\/p><p><span style=\"text-align: var(--text-align); background-color: var(--alpha-page-wrapper-bg-color); letter-spacing: var(--alpha-body-letter-spacing); text-transform: var(--alpha-body-text-transform);\">Za na\u0161a izvozna tr\u017ei\u0161ta proizvodimo bale u veli\u010dinama od 45-55-450 kg. One se sortiraju i obra\u0111uju na<br>osnovu detaljne procene zahteva kupaca.  <\/span><\/p><p><span style=\"text-align: var(--text-align); background-color: var(--alpha-page-wrapper-bg-color); letter-spacing: var(--alpha-body-letter-spacing); text-transform: var(--alpha-body-text-transform);\">Na\u0161 cilj je da gradimo dugoro\u010dne odnose sa na\u0161im partnerima, va\u017eno je da postoji kontinuiran<br>dijalog, da poznajemo i zadovoljimo potrebe kupaca. <\/span><span style=\"text-align: var(--text-align); background-color: var(--alpha-page-wrapper-bg-color); letter-spacing: var(--alpha-body-letter-spacing); text-transform: var(--alpha-body-text-transform);\">Zahvaljuju\u0107i na\u0161em iskustvu u me\u0111unarodnoj trgovini, u mogu\u0107nosti smo da obezbedimo brzu i efikasnu isporuku i utovar, zajedno sa svom neophodnom dokumentacijom.<\/span><\/p>\t\t\t\t\t\t\t\t<\/div>\n\t\t\t\t<\/div>\n\t\t\t\t\t<\/div>\n\t\t\t\t<\/div>\n\t\t\t\t\t<\/div>\n\t\t\t\t<\/div>\n\t\t<div class=\"elementor-element elementor-element-007efc2 e-con-full e-flex e-con e-child\" data-id=\"007efc2\" data-element_type=\"container\" data-e-type=\"container\">\n\t\t\t\t<div class=\"elementor-element elementor-element-fbedf58 elementor-widget-divider--view-line elementor-widget elementor-widget-divider\" data-id=\"fbedf58\" data-element_type=\"widget\" data-e-type=\"widget\" data-widget_type=\"divider.default\">\n\t\t\t\t<div class=\"elementor-widget-container\">\n\t\t\t\t\t\t\t<div class=\"elementor-divider\">\n\t\t\t<span class=\"elementor-divider-separator\">\n\t\t\t\t\t\t<\/span>\n\t\t<\/div>\n\t\t\t\t\t\t<\/div>\n\t\t\t\t<\/div>\n\t\t\t\t<\/div>\n\t\t<div class=\"elementor-element elementor-element-f72a11c e-flex e-con-boxed e-con e-child\" data-id=\"f72a11c\" data-element_type=\"container\" data-e-type=\"container\" id=\"geprongy\">\n\t\t\t\t\t<div class=\"e-con-inner\">\n\t\t<div class=\"elementor-element elementor-element-bbdbebc e-flex e-con-boxed e-con e-child\" data-id=\"bbdbebc\" data-element_type=\"container\" data-e-type=\"container\">\n\t\t\t\t\t<div class=\"e-con-inner\">\n\t\t\t\t<div class=\"elementor-element elementor-element-5384c17 elementor-widget elementor-widget-heading\" data-id=\"5384c17\" data-element_type=\"widget\" data-e-type=\"widget\" data-widget_type=\"heading.default\">\n\t\t\t\t<div class=\"elementor-widget-container\">\n\t\t\t\t\t<h3 class=\"elementor-heading-title elementor-size-default\">Krpe za ma\u0161insko brisanje<\/h3>\t\t\t\t<\/div>\n\t\t\t\t<\/div>\n\t\t\t\t<div class=\"elementor-element elementor-element-b37a62b elementor-widget elementor-widget-text-editor\" data-id=\"b37a62b\" data-element_type=\"widget\" data-e-type=\"widget\" data-widget_type=\"text-editor.default\">\n\t\t\t\t<div class=\"elementor-widget-container\">\n\t\t\t\t\t\t\t\t\t<p>Zna\u010dajan deo proizvoda koji se ne koriste ponovo se pretvara u krpe za ma\u0161insko \u010di\u0161cenje.<\/p><p>Sigurno cete pronaci pravi proizvod za sebe, bilo u rezanom ili nerezanom obliku, pa\u017eljivo sortiran i<br>prodat u presovanim balama od 5-10-25-400 kg.<\/p>\t\t\t\t\t\t\t\t<\/div>\n\t\t\t\t<\/div>\n\t\t\t\t\t<\/div>\n\t\t\t\t<\/div>\n\t\t<div class=\"elementor-element elementor-element-0a3e1fa e-flex e-con-boxed e-con e-child\" data-id=\"0a3e1fa\" data-element_type=\"container\" data-e-type=\"container\" data-settings=\"{&quot;background_background&quot;:&quot;classic&quot;}\">\n\t\t\t\t\t<div class=\"e-con-inner\">\n\t\t\t\t<div class=\"elementor-element elementor-element-54b30b5 elementor-widget elementor-widget-image\" data-id=\"54b30b5\" data-element_type=\"widget\" data-e-type=\"widget\" data-widget_type=\"image.default\">\n\t\t\t\t<div class=\"elementor-widget-container\">\n\t\t\t\t\t\t\t\t\t\t\t\t\t\t\t<img decoding=\"async\" width=\"800\" height=\"800\" src=\"https:\/\/textradekft.hu\/wp-content\/uploads\/2023\/12\/termek2-1024x1024.jpg\" class=\"attachment-large size-large wp-image-5981\" alt=\"\" srcset=\"https:\/\/textradekft.hu\/wp-content\/uploads\/2023\/12\/termek2-1024x1024.jpg 1024w, https:\/\/textradekft.hu\/wp-content\/uploads\/2023\/12\/termek2-300x300.jpg 300w, https:\/\/textradekft.hu\/wp-content\/uploads\/2023\/12\/termek2-150x150.jpg 150w, https:\/\/textradekft.hu\/wp-content\/uploads\/2023\/12\/termek2-768x768.jpg 768w, https:\/\/textradekft.hu\/wp-content\/uploads\/2023\/12\/termek2-217x217.jpg 217w, https:\/\/textradekft.hu\/wp-content\/uploads\/2023\/12\/termek2.jpg 1333w\" sizes=\"(max-width: 800px) 100vw, 800px\" \/>\t\t\t\t\t\t\t\t\t\t\t\t\t\t\t<\/div>\n\t\t\t\t<\/div>\n\t\t\t\t\t<\/div>\n\t\t\t\t<\/div>\n\t\t\t\t\t<\/div>\n\t\t\t\t<\/div>\n\t\t<div class=\"elementor-element elementor-element-97bd2b4 e-con-full e-flex e-con e-child\" data-id=\"97bd2b4\" data-element_type=\"container\" data-e-type=\"container\">\n\t\t\t\t<div class=\"elementor-element elementor-element-ea6fd6f elementor-widget-divider--view-line elementor-widget elementor-widget-divider\" data-id=\"ea6fd6f\" data-element_type=\"widget\" data-e-type=\"widget\" data-widget_type=\"divider.default\">\n\t\t\t\t<div class=\"elementor-widget-container\">\n\t\t\t\t\t\t\t<div class=\"elementor-divider\">\n\t\t\t<span class=\"elementor-divider-separator\">\n\t\t\t\t\t\t<\/span>\n\t\t<\/div>\n\t\t\t\t\t\t<\/div>\n\t\t\t\t<\/div>\n\t\t\t\t<\/div>\n\t\t\t\t<\/div>\n\t\t<div class=\"elementor-element elementor-element-a96067b e-con-full products e-flex e-con e-parent\" data-id=\"a96067b\" data-element_type=\"container\" data-e-type=\"container\">\n\t\t<div class=\"elementor-element elementor-element-1c22e4a e-flex e-con-boxed e-con e-child\" data-id=\"1c22e4a\" data-element_type=\"container\" data-e-type=\"container\" id=\"alapanyag\">\n\t\t\t\t\t<div class=\"e-con-inner\">\n\t\t<div class=\"elementor-element elementor-element-9887225 e-flex e-con-boxed e-con e-child\" data-id=\"9887225\" data-element_type=\"container\" data-e-type=\"container\" data-settings=\"{&quot;background_background&quot;:&quot;classic&quot;}\">\n\t\t\t\t\t<div class=\"e-con-inner\">\n\t\t\t\t<div class=\"elementor-element elementor-element-a25dec4 elementor-widget elementor-widget-image\" data-id=\"a25dec4\" data-element_type=\"widget\" data-e-type=\"widget\" data-widget_type=\"image.default\">\n\t\t\t\t<div class=\"elementor-widget-container\">\n\t\t\t\t\t\t\t\t\t\t\t\t\t\t\t<img decoding=\"async\" width=\"800\" height=\"800\" src=\"https:\/\/textradekft.hu\/wp-content\/uploads\/2023\/12\/termek3-1024x1024.jpg\" class=\"attachment-large size-large wp-image-5982\" alt=\"\" srcset=\"https:\/\/textradekft.hu\/wp-content\/uploads\/2023\/12\/termek3-1024x1024.jpg 1024w, https:\/\/textradekft.hu\/wp-content\/uploads\/2023\/12\/termek3-300x300.jpg 300w, https:\/\/textradekft.hu\/wp-content\/uploads\/2023\/12\/termek3-150x150.jpg 150w, https:\/\/textradekft.hu\/wp-content\/uploads\/2023\/12\/termek3-768x768.jpg 768w, https:\/\/textradekft.hu\/wp-content\/uploads\/2023\/12\/termek3-217x217.jpg 217w, https:\/\/textradekft.hu\/wp-content\/uploads\/2023\/12\/termek3.jpg 1333w\" sizes=\"(max-width: 800px) 100vw, 800px\" \/>\t\t\t\t\t\t\t\t\t\t\t\t\t\t\t<\/div>\n\t\t\t\t<\/div>\n\t\t\t\t\t<\/div>\n\t\t\t\t<\/div>\n\t\t<div class=\"elementor-element elementor-element-b61d691 e-flex e-con-boxed e-con e-child\" data-id=\"b61d691\" data-element_type=\"container\" data-e-type=\"container\">\n\t\t\t\t\t<div class=\"e-con-inner\">\n\t\t\t\t<div class=\"elementor-element elementor-element-5cfb669 elementor-widget elementor-widget-heading\" data-id=\"5cfb669\" data-element_type=\"widget\" data-e-type=\"widget\" data-widget_type=\"heading.default\">\n\t\t\t\t<div class=\"elementor-widget-container\">\n\t\t\t\t\t<h3 class=\"elementor-heading-title elementor-size-default\">Tekstilne sirovine<\/h3>\t\t\t\t<\/div>\n\t\t\t\t<\/div>\n\t\t\t\t<div class=\"elementor-element elementor-element-ab8cbe8 elementor-widget elementor-widget-text-editor\" data-id=\"ab8cbe8\" data-element_type=\"widget\" data-e-type=\"widget\" data-widget_type=\"text-editor.default\">\n\t\t\t\t<div class=\"elementor-widget-container\">\n\t\t\t\t\t\t\t\t\t<p>Sirovine za razgradnju vune, akrila, pamuka, vuneno-sinteti\u010dkih elementarnih vlakana pakovane u<br>bale od 400-500 kg.<\/p>\t\t\t\t\t\t\t\t<\/div>\n\t\t\t\t<\/div>\n\t\t\t\t\t<\/div>\n\t\t\t\t<\/div>\n\t\t\t\t\t<\/div>\n\t\t\t\t<\/div>\n\t\t<div class=\"elementor-element elementor-element-5f77395 e-con-full e-flex e-con e-child\" data-id=\"5f77395\" data-element_type=\"container\" data-e-type=\"container\">\n\t\t\t\t<div class=\"elementor-element elementor-element-fd2a6a1 elementor-widget-divider--view-line elementor-widget elementor-widget-divider\" data-id=\"fd2a6a1\" data-element_type=\"widget\" data-e-type=\"widget\" data-widget_type=\"divider.default\">\n\t\t\t\t<div class=\"elementor-widget-container\">\n\t\t\t\t\t\t\t<div class=\"elementor-divider\">\n\t\t\t<span class=\"elementor-divider-separator\">\n\t\t\t\t\t\t<\/span>\n\t\t<\/div>\n\t\t\t\t\t\t<\/div>\n\t\t\t\t<\/div>\n\t\t\t\t<\/div>\n\t\t<div class=\"elementor-element elementor-element-db8456f e-flex e-con-boxed e-con e-child\" data-id=\"db8456f\" data-element_type=\"container\" data-e-type=\"container\" id=\"apritek\">\n\t\t\t\t\t<div class=\"e-con-inner\">\n\t\t<div class=\"elementor-element elementor-element-30cb062 e-con-full e-flex e-con e-child\" data-id=\"30cb062\" data-element_type=\"container\" data-e-type=\"container\">\n\t\t\t\t<div class=\"elementor-element elementor-element-278b6a5 elementor-widget elementor-widget-text-editor\" data-id=\"278b6a5\" data-element_type=\"widget\" data-e-type=\"widget\" data-widget_type=\"text-editor.default\">\n\t\t\t\t<div class=\"elementor-widget-container\">\n\t\t\t\t\t\t\t\t\t<p><img loading=\"lazy\" decoding=\"async\" class=\"size-full wp-image-3914\" src=\"https:\/\/textradekft.hu\/wp-content\/uploads\/2023\/10\/FlexTil-logo.png\" alt=\"\" width=\"250\" height=\"250\" srcset=\"https:\/\/textradekft.hu\/wp-content\/uploads\/2023\/10\/FlexTil-logo.png 250w, https:\/\/textradekft.hu\/wp-content\/uploads\/2023\/10\/FlexTil-logo-150x150.png 150w, https:\/\/textradekft.hu\/wp-content\/uploads\/2023\/10\/FlexTil-logo-217x217.png 217w\" sizes=\"(max-width: 250px) 100vw, 250px\" \/><\/p>\t\t\t\t\t\t\t\t<\/div>\n\t\t\t\t<\/div>\n\t\t\t\t<div class=\"elementor-element elementor-element-2e84e58 elementor-widget elementor-widget-heading\" data-id=\"2e84e58\" data-element_type=\"widget\" data-e-type=\"widget\" data-widget_type=\"heading.default\">\n\t\t\t\t<div class=\"elementor-widget-container\">\n\t\t\t\t\t<h3 class=\"elementor-heading-title elementor-size-default\">Tekstilni \u010dips<\/h3>\t\t\t\t<\/div>\n\t\t\t\t<\/div>\n\t\t\t\t<div class=\"elementor-element elementor-element-cb173ba elementor-widget elementor-widget-text-editor\" data-id=\"cb173ba\" data-element_type=\"widget\" data-e-type=\"widget\" data-widget_type=\"text-editor.default\">\n\t\t\t\t<div class=\"elementor-widget-container\">\n\t\t\t\t\t\t\t\t\t<p> <\/p><p><a href=\"https:\/\/energytex.hu\"><span lang=\"HU\">energytex.hu<\/span><\/a><\/p>\t\t\t\t\t\t\t\t<\/div>\n\t\t\t\t<\/div>\n\t\t\t\t<\/div>\n\t\t<div class=\"elementor-element elementor-element-9be9eaf e-flex e-con-boxed e-con e-child\" data-id=\"9be9eaf\" data-element_type=\"container\" data-e-type=\"container\" data-settings=\"{&quot;background_background&quot;:&quot;classic&quot;}\">\n\t\t\t\t\t<div class=\"e-con-inner\">\n\t\t\t\t<div class=\"elementor-element elementor-element-031696a elementor-widget elementor-widget-image\" data-id=\"031696a\" data-element_type=\"widget\" data-e-type=\"widget\" data-widget_type=\"image.default\">\n\t\t\t\t<div class=\"elementor-widget-container\">\n\t\t\t\t\t\t\t\t\t\t\t\t\t\t\t<img loading=\"lazy\" decoding=\"async\" width=\"800\" height=\"800\" src=\"https:\/\/textradekft.hu\/wp-content\/uploads\/2023\/12\/textilapritek.png\" class=\"attachment-large size-large wp-image-6005\" alt=\"\" srcset=\"https:\/\/textradekft.hu\/wp-content\/uploads\/2023\/12\/textilapritek.png 902w, https:\/\/textradekft.hu\/wp-content\/uploads\/2023\/12\/textilapritek-300x300.png 300w, https:\/\/textradekft.hu\/wp-content\/uploads\/2023\/12\/textilapritek-150x150.png 150w, https:\/\/textradekft.hu\/wp-content\/uploads\/2023\/12\/textilapritek-768x768.png 768w, https:\/\/textradekft.hu\/wp-content\/uploads\/2023\/12\/textilapritek-217x217.png 217w\" sizes=\"(max-width: 800px) 100vw, 800px\" \/>\t\t\t\t\t\t\t\t\t\t\t\t\t\t\t<\/div>\n\t\t\t\t<\/div>\n\t\t\t\t\t<\/div>\n\t\t\t\t<\/div>\n\t\t\t\t\t<\/div>\n\t\t\t\t<\/div>\n\t\t\t\t<\/div>\n\t\t\t\t<\/div>\n\t\t","protected":false},"excerpt":{"rendered":"<p>Selektovana polovna ode\u0107a Na\u0161i proizvodi se proizvode kroz stru\u010dno sortiranje i razvrstavanje originalne robe koja se isporu\u010dujeiz Zapadne Evrope. U zavisnosti od vrste robe, ona se pakuje u male transparentne PE vre\u0107e (20-25 kg) ili velike bele PPvre\u0107e (40-100 kg). Na\u0161im preprodavcima nudimo na\u0161e proizvode u klasama krem, ekstra i 1. klasa. Ukoliko \u017eelite da [&hellip;]<\/p>\n","protected":false},"author":3,"featured_media":0,"parent":0,"menu_order":0,"comment_status":"closed","ping_status":"closed","template":"","meta":{"footnotes":""},"class_list":["post-6004","page","type-page","status-publish","hentry"],"_links":{"self":[{"href":"https:\/\/textradekft.hu\/sr\/wp-json\/wp\/v2\/pages\/6004","targetHints":{"allow":["GET"]}}],"collection":[{"href":"https:\/\/textradekft.hu\/sr\/wp-json\/wp\/v2\/pages"}],"about":[{"href":"https:\/\/textradekft.hu\/sr\/wp-json\/wp\/v2\/types\/page"}],"author":[{"embeddable":true,"href":"https:\/\/textradekft.hu\/sr\/wp-json\/wp\/v2\/users\/3"}],"replies":[{"embeddable":true,"href":"https:\/\/textradekft.hu\/sr\/wp-json\/wp\/v2\/comments?post=6004"}],"version-history":[{"count":1,"href":"https:\/\/textradekft.hu\/sr\/wp-json\/wp\/v2\/pages\/6004\/revisions"}],"predecessor-version":[{"id":6006,"href":"https:\/\/textradekft.hu\/sr\/wp-json\/wp\/v2\/pages\/6004\/revisions\/6006"}],"wp:attachment":[{"href":"https:\/\/textradekft.hu\/sr\/wp-json\/wp\/v2\/media?parent=6004"}],"curies":[{"name":"wp","href":"https:\/\/api.w.org\/{rel}","templated":true}]}}