{"id":6000,"date":"2022-06-11T01:29:33","date_gmt":"2022-06-10T23:29:33","guid":{"rendered":"https:\/\/textradekft.hu\/o-nama\/"},"modified":"2025-03-25T23:09:03","modified_gmt":"2025-03-25T22:09:03","slug":"o-nama","status":"publish","type":"page","link":"https:\/\/textradekft.hu\/sr\/o-nama\/","title":{"rendered":"O nama"},"content":{"rendered":"\t\t<div data-elementor-type=\"wp-page\" data-elementor-id=\"6000\" class=\"elementor elementor-6000 elementor-1513\" data-elementor-post-type=\"page\">\n\t\t\t\t<div class=\"elementor-element elementor-element-cf26d1c e-flex e-con-boxed e-con e-parent\" data-id=\"cf26d1c\" data-element_type=\"container\" data-e-type=\"container\">\n\t\t\t\t\t<div class=\"e-con-inner\">\n\t\t<div class=\"elementor-element elementor-element-3c671e4 e-con-full e-flex e-con e-child\" data-id=\"3c671e4\" data-element_type=\"container\" data-e-type=\"container\">\n\t\t\t\t<div class=\"elementor-element elementor-element-aa35b8b elementor-invisible elementor-widget elementor-widget-heading\" data-id=\"aa35b8b\" data-element_type=\"widget\" data-e-type=\"widget\" data-settings=\"{&quot;_animation&quot;:&quot;fadeInUpShorter&quot;}\" data-widget_type=\"heading.default\">\n\t\t\t\t<div class=\"elementor-widget-container\">\n\t\t\t\t\t<h2 class=\"elementor-heading-title elementor-size-default\">Textrade Kft<\/h2>\t\t\t\t<\/div>\n\t\t\t\t<\/div>\n\t\t\t\t<div class=\"elementor-element elementor-element-c737b8a elementor-invisible elementor-widget elementor-widget-heading\" data-id=\"c737b8a\" data-element_type=\"widget\" data-e-type=\"widget\" data-settings=\"{&quot;_animation&quot;:&quot;fadeInUpShorter&quot;,&quot;_animation_delay&quot;:500}\" data-widget_type=\"heading.default\">\n\t\t\t\t<div class=\"elementor-widget-container\">\n\t\t\t\t\t<p class=\"elementor-heading-title elementor-size-default\">Na\u0161a kompanija je osnovana 1990. godine i od tada je u stalnom razvoju. Ve\u0107 dugo smo vode\u0107i veletrgovac polovnom ode\u0107om u Ma\u0111arskoj zahvaljuju\u0107i na\u0161em svesnom razvoju i ulaganjima.\n\nU na\u0161oj fabrici u Seke\u0161fehervaru pa\u017eljivo sortiramo, razvrstavamo i prodajemo tekstilne sirovine iz<br>zapadne Evrope (Engleska, \u0160vajcarska, Austrija, Holandija, Nema\u010dka, Italija).\n\nNa\u0161i proizvodi se prodaju na doma\u0107em tr\u017ei\u0161tu i u mnogim zemljama \u0161irom sveta.\n\nNa\u0161 kontinuirani kvalitetni rad je zagarantovan standardom ISO 9001 i sertifikatom Bureau Veritas.\n<\/p>\t\t\t\t<\/div>\n\t\t\t\t<\/div>\n\t\t\t\t<\/div>\n\t\t\t\t\t<\/div>\n\t\t\t\t<\/div>\n\t\t<div class=\"elementor-element elementor-element-4968959 e-flex e-con-boxed e-con e-parent\" data-id=\"4968959\" data-element_type=\"container\" data-e-type=\"container\">\n\t\t\t\t\t<div class=\"e-con-inner\">\n\t\t<div class=\"elementor-element elementor-element-42b25b8 order-lg-first e-con-full e-flex e-con e-child\" data-id=\"42b25b8\" data-element_type=\"container\" data-e-type=\"container\">\n\t\t\t\t<div class=\"elementor-element elementor-element-fc1853e elementor-position-inline-start elementor-view-default elementor-mobile-position-block-start elementor-widget elementor-widget-icon-box\" data-id=\"fc1853e\" data-element_type=\"widget\" data-e-type=\"widget\" data-widget_type=\"icon-box.default\">\n\t\t\t\t<div class=\"elementor-widget-container\">\n\t\t\t\t\t\t\t<div class=\"elementor-icon-box-wrapper\">\n\n\t\t\t\t\t\t<div class=\"elementor-icon-box-icon\">\n\t\t\t\t<span  class=\"elementor-icon\">\n\t\t\t\t<i aria-hidden=\"true\" class=\"far fa-check-square\"><\/i>\t\t\t\t<\/span>\n\t\t\t<\/div>\n\t\t\t\n\t\t\t\t\t\t<div class=\"elementor-icon-box-content\">\n\n\t\t\t\t\t\t\t\t\t<h3 class=\"elementor-icon-box-title\">\n\t\t\t\t\t\t<span  >\n\t\t\t\t\t\t\tKvalitet\t\t\t\t\t\t<\/span>\n\t\t\t\t\t<\/h3>\n\t\t\t\t\n\t\t\t\t\t\t\t\t\t<p class=\"elementor-icon-box-description\">\n\t\t\t\t\t\t25 godina iskustva u najve\u0107oj sortirnici u Ma\u0111arskoj\t\t\t\t\t<\/p>\n\t\t\t\t\n\t\t\t<\/div>\n\t\t\t\n\t\t<\/div>\n\t\t\t\t\t\t<\/div>\n\t\t\t\t<\/div>\n\t\t\t\t<div class=\"elementor-element elementor-element-cc4ff6d elementor-position-inline-start elementor-view-default elementor-mobile-position-block-start elementor-widget elementor-widget-icon-box\" data-id=\"cc4ff6d\" data-element_type=\"widget\" data-e-type=\"widget\" data-widget_type=\"icon-box.default\">\n\t\t\t\t<div class=\"elementor-widget-container\">\n\t\t\t\t\t\t\t<div class=\"elementor-icon-box-wrapper\">\n\n\t\t\t\t\t\t<div class=\"elementor-icon-box-icon\">\n\t\t\t\t<span  class=\"elementor-icon\">\n\t\t\t\t<i aria-hidden=\"true\" class=\"far fa-handshake\"><\/i>\t\t\t\t<\/span>\n\t\t\t<\/div>\n\t\t\t\n\t\t\t\t\t\t<div class=\"elementor-icon-box-content\">\n\n\t\t\t\t\t\t\t\t\t<h3 class=\"elementor-icon-box-title\">\n\t\t\t\t\t\t<span  >\n\t\t\t\t\t\t\tPouzdanost\t\t\t\t\t\t<\/span>\n\t\t\t\t\t<\/h3>\n\t\t\t\t\n\t\t\t\t\t\t\t\t\t<p class=\"elementor-icon-box-description\">\n\t\t\t\t\t\tVode\u0107i veletrgovac polovnom ode\u0107om u Ma\u0111arskoj\n\t\t\t\t\t<\/p>\n\t\t\t\t\n\t\t\t<\/div>\n\t\t\t\n\t\t<\/div>\n\t\t\t\t\t\t<\/div>\n\t\t\t\t<\/div>\n\t\t\t\t<div class=\"elementor-element elementor-element-cd19b6b elementor-position-inline-start elementor-view-default elementor-mobile-position-block-start elementor-widget elementor-widget-icon-box\" data-id=\"cd19b6b\" data-element_type=\"widget\" data-e-type=\"widget\" data-widget_type=\"icon-box.default\">\n\t\t\t\t<div class=\"elementor-widget-container\">\n\t\t\t\t\t\t\t<div class=\"elementor-icon-box-wrapper\">\n\n\t\t\t\t\t\t<div class=\"elementor-icon-box-icon\">\n\t\t\t\t<span  class=\"elementor-icon\">\n\t\t\t\t<i aria-hidden=\"true\" class=\"fas fa-users-cog\"><\/i>\t\t\t\t<\/span>\n\t\t\t<\/div>\n\t\t\t\n\t\t\t\t\t\t<div class=\"elementor-icon-box-content\">\n\n\t\t\t\t\t\t\t\t\t<h3 class=\"elementor-icon-box-title\">\n\t\t\t\t\t\t<span  >\n\t\t\t\t\t\t\tIskustvo\t\t\t\t\t\t<\/span>\n\t\t\t\t\t<\/h3>\n\t\t\t\t\n\t\t\t\t\t\t\t\t\t<p class=\"elementor-icon-box-description\">\n\t\t\t\t\t\t25-godi\u0161nje iskustvo u najve\u0107oj ma\u0111arskoj fabrici za sortiranje tekstila\t\t\t\t\t<\/p>\n\t\t\t\t\n\t\t\t<\/div>\n\t\t\t\n\t\t<\/div>\n\t\t\t\t\t\t<\/div>\n\t\t\t\t<\/div>\n\t\t\t\t<\/div>\n\t\t<div class=\"elementor-element elementor-element-bfe284a mb-md-8 mb-lg-0 e-con-full e-flex elementor-invisible e-con e-child\" data-id=\"bfe284a\" data-element_type=\"container\" data-e-type=\"container\" data-settings=\"{&quot;animation&quot;:&quot;slideInRight&quot;}\">\n\t\t\t\t<div class=\"elementor-element elementor-element-d3bb5c9 cs-shadow-none elementor-widget elementor-widget-image\" data-id=\"d3bb5c9\" data-element_type=\"widget\" data-e-type=\"widget\" data-widget_type=\"image.default\">\n\t\t\t\t<div class=\"elementor-widget-container\">\n\t\t\t\t\t\t\t\t\t\t\t\t\t\t\t<img fetchpriority=\"high\" decoding=\"async\" width=\"800\" height=\"850\" src=\"https:\/\/textradekft.hu\/wp-content\/uploads\/2023\/10\/rolunk-valogato-964x1024.jpg\" class=\"attachment-large size-large wp-image-6002\" alt=\"\" srcset=\"https:\/\/textradekft.hu\/wp-content\/uploads\/2023\/10\/rolunk-valogato-964x1024.jpg 964w, https:\/\/textradekft.hu\/wp-content\/uploads\/2023\/10\/rolunk-valogato-282x300.jpg 282w, https:\/\/textradekft.hu\/wp-content\/uploads\/2023\/10\/rolunk-valogato-768x816.jpg 768w, https:\/\/textradekft.hu\/wp-content\/uploads\/2023\/10\/rolunk-valogato-150x159.jpg 150w, https:\/\/textradekft.hu\/wp-content\/uploads\/2023\/10\/rolunk-valogato.jpg 1000w\" sizes=\"(max-width: 800px) 100vw, 800px\" \/>\t\t\t\t\t\t\t\t\t\t\t\t\t\t\t<\/div>\n\t\t\t\t<\/div>\n\t\t\t\t<\/div>\n\t\t\t\t\t<\/div>\n\t\t\t\t<\/div>\n\t\t\t\t<\/div>\n\t\t","protected":false},"excerpt":{"rendered":"<p>Textrade Kft Na\u0161a kompanija je osnovana 1990. godine i od tada je u stalnom razvoju. Ve\u0107 dugo smo vode\u0107i veletrgovac polovnom ode\u0107om u Ma\u0111arskoj zahvaljuju\u0107i na\u0161em svesnom razvoju i ulaganjima. U na\u0161oj fabrici u Seke\u0161fehervaru pa\u017eljivo sortiramo, razvrstavamo i prodajemo tekstilne sirovine izzapadne Evrope (Engleska, \u0160vajcarska, Austrija, Holandija, Nema\u010dka, Italija). Na\u0161i proizvodi se prodaju na [&hellip;]<\/p>\n","protected":false},"author":3,"featured_media":0,"parent":0,"menu_order":0,"comment_status":"closed","ping_status":"closed","template":"","meta":{"footnotes":""},"class_list":["post-6000","page","type-page","status-publish","hentry"],"_links":{"self":[{"href":"https:\/\/textradekft.hu\/sr\/wp-json\/wp\/v2\/pages\/6000","targetHints":{"allow":["GET"]}}],"collection":[{"href":"https:\/\/textradekft.hu\/sr\/wp-json\/wp\/v2\/pages"}],"about":[{"href":"https:\/\/textradekft.hu\/sr\/wp-json\/wp\/v2\/types\/page"}],"author":[{"embeddable":true,"href":"https:\/\/textradekft.hu\/sr\/wp-json\/wp\/v2\/users\/3"}],"replies":[{"embeddable":true,"href":"https:\/\/textradekft.hu\/sr\/wp-json\/wp\/v2\/comments?post=6000"}],"version-history":[{"count":1,"href":"https:\/\/textradekft.hu\/sr\/wp-json\/wp\/v2\/pages\/6000\/revisions"}],"predecessor-version":[{"id":6003,"href":"https:\/\/textradekft.hu\/sr\/wp-json\/wp\/v2\/pages\/6000\/revisions\/6003"}],"wp:attachment":[{"href":"https:\/\/textradekft.hu\/sr\/wp-json\/wp\/v2\/media?parent=6000"}],"curies":[{"name":"wp","href":"https:\/\/api.w.org\/{rel}","templated":true}]}}