{"id":5944,"date":"2023-12-22T22:15:00","date_gmt":"2023-12-22T21:15:00","guid":{"rendered":"https:\/\/textradekft.hu\/produsele-noastre\/"},"modified":"2024-12-16T19:50:23","modified_gmt":"2024-12-16T18:50:23","slug":"produsele-noastre","status":"publish","type":"page","link":"https:\/\/textradekft.hu\/ro\/produsele-noastre\/","title":{"rendered":"Produsele noastre"},"content":{"rendered":"\t\t<div data-elementor-type=\"wp-page\" data-elementor-id=\"5944\" class=\"elementor elementor-5944 elementor-4830\" data-elementor-post-type=\"page\">\n\t\t\t\t<div class=\"elementor-element elementor-element-f1fc78d e-con-full products e-flex e-con e-parent\" data-id=\"f1fc78d\" data-element_type=\"container\" data-e-type=\"container\">\n\t\t<div class=\"elementor-element elementor-element-cfcf550 e-flex e-con-boxed e-con e-child\" data-id=\"cfcf550\" data-element_type=\"container\" data-e-type=\"container\" id=\"valogatott\">\n\t\t\t\t\t<div class=\"e-con-inner\">\n\t\t<div class=\"elementor-element elementor-element-022a02d e-flex e-con-boxed e-con e-child\" data-id=\"022a02d\" data-element_type=\"container\" data-e-type=\"container\" data-settings=\"{&quot;background_background&quot;:&quot;classic&quot;}\">\n\t\t\t\t\t<div class=\"e-con-inner\">\n\t\t\t\t<div class=\"elementor-element elementor-element-050b7bc elementor-widget elementor-widget-image\" data-id=\"050b7bc\" data-element_type=\"widget\" data-e-type=\"widget\" data-widget_type=\"image.default\">\n\t\t\t\t<div class=\"elementor-widget-container\">\n\t\t\t\t\t\t\t\t\t\t\t\t\t\t\t<img fetchpriority=\"high\" decoding=\"async\" width=\"800\" height=\"800\" src=\"https:\/\/textradekft.hu\/wp-content\/uploads\/2023\/12\/termek1-1024x1024.jpg\" class=\"attachment-large size-large wp-image-5938\" alt=\"\" srcset=\"https:\/\/textradekft.hu\/wp-content\/uploads\/2023\/12\/termek1-1024x1024.jpg 1024w, https:\/\/textradekft.hu\/wp-content\/uploads\/2023\/12\/termek1-300x300.jpg 300w, https:\/\/textradekft.hu\/wp-content\/uploads\/2023\/12\/termek1-150x150.jpg 150w, https:\/\/textradekft.hu\/wp-content\/uploads\/2023\/12\/termek1-768x768.jpg 768w, https:\/\/textradekft.hu\/wp-content\/uploads\/2023\/12\/termek1-217x217.jpg 217w, https:\/\/textradekft.hu\/wp-content\/uploads\/2023\/12\/termek1.jpg 1333w\" sizes=\"(max-width: 800px) 100vw, 800px\" \/>\t\t\t\t\t\t\t\t\t\t\t\t\t\t\t<\/div>\n\t\t\t\t<\/div>\n\t\t\t\t\t<\/div>\n\t\t\t\t<\/div>\n\t\t<div class=\"elementor-element elementor-element-98a2888 e-flex e-con-boxed e-con e-child\" data-id=\"98a2888\" data-element_type=\"container\" data-e-type=\"container\">\n\t\t\t\t\t<div class=\"e-con-inner\">\n\t\t\t\t<div class=\"elementor-element elementor-element-f13f523 elementor-widget elementor-widget-heading\" data-id=\"f13f523\" data-element_type=\"widget\" data-e-type=\"widget\" data-widget_type=\"heading.default\">\n\t\t\t\t<div class=\"elementor-widget-container\">\n\t\t\t\t\t<h3 class=\"elementor-heading-title elementor-size-default\">\u00cembr\u0103c\u0103minte second-hand selectat\u0103<\/h3>\t\t\t\t<\/div>\n\t\t\t\t<\/div>\n\t\t\t\t<div class=\"elementor-element elementor-element-de6092a elementor-widget elementor-widget-text-editor\" data-id=\"de6092a\" data-element_type=\"widget\" data-e-type=\"widget\" data-widget_type=\"text-editor.default\">\n\t\t\t\t<div class=\"elementor-widget-container\">\n\t\t\t\t\t\t\t\t\t<p><span style=\"text-align: var(--text-align); background-color: var(--alpha-page-wrapper-bg-color);\">Produsele noastre finite sunt fabricate prin sortarea \u0219i clasificarea de c\u0103tre exper\u021bi a produselor originale provenite din Europa de Vest.<\/span><\/p>\n<p><span style=\"text-align: var(--text-align); background-color: var(--alpha-page-wrapper-bg-color); letter-spacing: var(--alpha-body-letter-spacing); text-transform: var(--alpha-body-text-transform);\">\u00cen func\u021bie de tip, acestea sunt ambalate \u00een saci mici din PE transparen\u021bi (20-25 kg) sau \u00een saci mari din PP albi (40-100 kg). Oferim produsele noastre de top, extra \u0219i de prim\u0103 clas\u0103 rev\u00e2nz\u0103torilor no\u0219tri. <\/span><\/p>\n<p><span style=\"text-align: var(--text-align); background-color: var(--alpha-page-wrapper-bg-color); letter-spacing: var(--alpha-body-letter-spacing); text-transform: var(--alpha-body-text-transform);\">Dac\u0103 dori\u021bi s\u0103 selecta\u021bi singur produsele de care ave\u021bi nevoie, oferim, de asemenea, posibilitatea de a sorta m\u0103rfurile originale\/nesortate. Pentru detalii \u0219i condi\u021bii, v\u0103 rug\u0103m s\u0103 suna\u021bi sau s\u0103 trimite\u021bi un e-mail.  <\/span><\/p>\n<p><span style=\"text-align: var(--text-align); background-color: var(--alpha-page-wrapper-bg-color); letter-spacing: var(--alpha-body-letter-spacing); text-transform: var(--alpha-body-text-transform);\">Pentru pie\u021bele noastre de export, preg\u0103tim balo\u021bi de 45-55-450 kg. Acestea sunt sortate \u0219i produse pe baza unei evalu\u0103ri aprofundate a cerin\u021belor clien\u021bilor.  <\/span><\/p>\n<p><span style=\"text-align: var(--text-align); background-color: var(--alpha-page-wrapper-bg-color); letter-spacing: var(--alpha-body-letter-spacing); text-transform: var(--alpha-body-text-transform);\">Scopul nostru este de a construi rela\u021bii pe termen lung cu partenerii no\u0219tri, este important s\u0103 avem un dialog continuu, s\u0103 cunoa\u0219tem \u0219i s\u0103 satisfacem nevoile clien\u021bilor no\u0219tri. <\/span><span style=\"text-align: var(--text-align); background-color: var(--alpha-page-wrapper-bg-color); letter-spacing: var(--alpha-body-letter-spacing); text-transform: var(--alpha-body-text-transform);\">Datorit\u0103 experien\u021bei noastre \u00een comer\u021bul interna\u021bional, putem asigura livrarea \u0219i \u00eenc\u0103rcarea rapid\u0103 \u0219i eficient\u0103, inclusiv toat\u0103 documenta\u021bia necesar\u0103.<\/span><\/p>\n\t\t\t\t\t\t\t\t<\/div>\n\t\t\t\t<\/div>\n\t\t\t\t\t<\/div>\n\t\t\t\t<\/div>\n\t\t\t\t\t<\/div>\n\t\t\t\t<\/div>\n\t\t<div class=\"elementor-element elementor-element-007efc2 e-con-full e-flex e-con e-child\" data-id=\"007efc2\" data-element_type=\"container\" data-e-type=\"container\">\n\t\t\t\t<div class=\"elementor-element elementor-element-fbedf58 elementor-widget-divider--view-line elementor-widget elementor-widget-divider\" data-id=\"fbedf58\" data-element_type=\"widget\" data-e-type=\"widget\" data-widget_type=\"divider.default\">\n\t\t\t\t<div class=\"elementor-widget-container\">\n\t\t\t\t\t\t\t<div class=\"elementor-divider\">\n\t\t\t<span class=\"elementor-divider-separator\">\n\t\t\t\t\t\t<\/span>\n\t\t<\/div>\n\t\t\t\t\t\t<\/div>\n\t\t\t\t<\/div>\n\t\t\t\t<\/div>\n\t\t<div class=\"elementor-element elementor-element-f72a11c e-flex e-con-boxed e-con e-child\" data-id=\"f72a11c\" data-element_type=\"container\" data-e-type=\"container\" id=\"geprongy\">\n\t\t\t\t\t<div class=\"e-con-inner\">\n\t\t<div class=\"elementor-element elementor-element-bbdbebc e-flex e-con-boxed e-con e-child\" data-id=\"bbdbebc\" data-element_type=\"container\" data-e-type=\"container\">\n\t\t\t\t\t<div class=\"e-con-inner\">\n\t\t\t\t<div class=\"elementor-element elementor-element-5384c17 elementor-widget elementor-widget-heading\" data-id=\"5384c17\" data-element_type=\"widget\" data-e-type=\"widget\" data-widget_type=\"heading.default\">\n\t\t\t\t<div class=\"elementor-widget-container\">\n\t\t\t\t\t<h3 class=\"elementor-heading-title elementor-size-default\">Lavete industriale<\/h3>\t\t\t\t<\/div>\n\t\t\t\t<\/div>\n\t\t\t\t<div class=\"elementor-element elementor-element-b37a62b elementor-widget elementor-widget-text-editor\" data-id=\"b37a62b\" data-element_type=\"widget\" data-e-type=\"widget\" data-widget_type=\"text-editor.default\">\n\t\t\t\t<div class=\"elementor-widget-container\">\n\t\t\t\t\t\t\t\t\t<p>O propor\u021bie semnificativ\u0103 a produselor care nu sunt reutilizate sunt transformate \u00een materiale m\u0103run\u0163ite tip c\u00e2rpe \u2013 lavete industriale.<\/p>\n<p>\u00cen oferta noastr\u0103 ve\u021bi g\u0103si cu siguran\u021b\u0103 produsul potrivit pentru dvs., indiferent dac\u0103 este t\u0103iat sau net\u0103iat, selectat cu aten\u021bie \u0219i v\u00e2ndut \u00een balo\u021bi de 5-10-25-400 kg.<\/p>\n\t\t\t\t\t\t\t\t<\/div>\n\t\t\t\t<\/div>\n\t\t\t\t\t<\/div>\n\t\t\t\t<\/div>\n\t\t<div class=\"elementor-element elementor-element-0a3e1fa e-flex e-con-boxed e-con e-child\" data-id=\"0a3e1fa\" data-element_type=\"container\" data-e-type=\"container\" data-settings=\"{&quot;background_background&quot;:&quot;classic&quot;}\">\n\t\t\t\t\t<div class=\"e-con-inner\">\n\t\t\t\t<div class=\"elementor-element elementor-element-54b30b5 elementor-widget elementor-widget-image\" data-id=\"54b30b5\" data-element_type=\"widget\" data-e-type=\"widget\" data-widget_type=\"image.default\">\n\t\t\t\t<div class=\"elementor-widget-container\">\n\t\t\t\t\t\t\t\t\t\t\t\t\t\t\t<img decoding=\"async\" width=\"800\" height=\"800\" src=\"https:\/\/textradekft.hu\/wp-content\/uploads\/2023\/12\/termek2-1024x1024.jpg\" class=\"attachment-large size-large wp-image-5936\" alt=\"\" srcset=\"https:\/\/textradekft.hu\/wp-content\/uploads\/2023\/12\/termek2-1024x1024.jpg 1024w, https:\/\/textradekft.hu\/wp-content\/uploads\/2023\/12\/termek2-300x300.jpg 300w, https:\/\/textradekft.hu\/wp-content\/uploads\/2023\/12\/termek2-150x150.jpg 150w, https:\/\/textradekft.hu\/wp-content\/uploads\/2023\/12\/termek2-768x768.jpg 768w, https:\/\/textradekft.hu\/wp-content\/uploads\/2023\/12\/termek2-217x217.jpg 217w, https:\/\/textradekft.hu\/wp-content\/uploads\/2023\/12\/termek2.jpg 1333w\" sizes=\"(max-width: 800px) 100vw, 800px\" \/>\t\t\t\t\t\t\t\t\t\t\t\t\t\t\t<\/div>\n\t\t\t\t<\/div>\n\t\t\t\t\t<\/div>\n\t\t\t\t<\/div>\n\t\t\t\t\t<\/div>\n\t\t\t\t<\/div>\n\t\t<div class=\"elementor-element elementor-element-97bd2b4 e-con-full e-flex e-con e-child\" data-id=\"97bd2b4\" data-element_type=\"container\" data-e-type=\"container\">\n\t\t\t\t<div class=\"elementor-element elementor-element-ea6fd6f elementor-widget-divider--view-line elementor-widget elementor-widget-divider\" data-id=\"ea6fd6f\" data-element_type=\"widget\" data-e-type=\"widget\" data-widget_type=\"divider.default\">\n\t\t\t\t<div class=\"elementor-widget-container\">\n\t\t\t\t\t\t\t<div class=\"elementor-divider\">\n\t\t\t<span class=\"elementor-divider-separator\">\n\t\t\t\t\t\t<\/span>\n\t\t<\/div>\n\t\t\t\t\t\t<\/div>\n\t\t\t\t<\/div>\n\t\t\t\t<\/div>\n\t\t\t\t<\/div>\n\t\t<div class=\"elementor-element elementor-element-a96067b e-con-full products e-flex e-con e-parent\" data-id=\"a96067b\" data-element_type=\"container\" data-e-type=\"container\">\n\t\t<div class=\"elementor-element elementor-element-1c22e4a e-flex e-con-boxed e-con e-child\" data-id=\"1c22e4a\" data-element_type=\"container\" data-e-type=\"container\" id=\"alapanyag\">\n\t\t\t\t\t<div class=\"e-con-inner\">\n\t\t<div class=\"elementor-element elementor-element-9887225 e-flex e-con-boxed e-con e-child\" data-id=\"9887225\" data-element_type=\"container\" data-e-type=\"container\" data-settings=\"{&quot;background_background&quot;:&quot;classic&quot;}\">\n\t\t\t\t\t<div class=\"e-con-inner\">\n\t\t\t\t<div class=\"elementor-element elementor-element-a25dec4 elementor-widget elementor-widget-image\" data-id=\"a25dec4\" data-element_type=\"widget\" data-e-type=\"widget\" data-widget_type=\"image.default\">\n\t\t\t\t<div class=\"elementor-widget-container\">\n\t\t\t\t\t\t\t\t\t\t\t\t\t\t\t<img decoding=\"async\" width=\"800\" height=\"800\" src=\"https:\/\/textradekft.hu\/wp-content\/uploads\/2023\/12\/termek3-1024x1024.jpg\" class=\"attachment-large size-large wp-image-5937\" alt=\"\" srcset=\"https:\/\/textradekft.hu\/wp-content\/uploads\/2023\/12\/termek3-1024x1024.jpg 1024w, https:\/\/textradekft.hu\/wp-content\/uploads\/2023\/12\/termek3-300x300.jpg 300w, https:\/\/textradekft.hu\/wp-content\/uploads\/2023\/12\/termek3-150x150.jpg 150w, https:\/\/textradekft.hu\/wp-content\/uploads\/2023\/12\/termek3-768x768.jpg 768w, https:\/\/textradekft.hu\/wp-content\/uploads\/2023\/12\/termek3-217x217.jpg 217w, https:\/\/textradekft.hu\/wp-content\/uploads\/2023\/12\/termek3.jpg 1333w\" sizes=\"(max-width: 800px) 100vw, 800px\" \/>\t\t\t\t\t\t\t\t\t\t\t\t\t\t\t<\/div>\n\t\t\t\t<\/div>\n\t\t\t\t\t<\/div>\n\t\t\t\t<\/div>\n\t\t<div class=\"elementor-element elementor-element-b61d691 e-flex e-con-boxed e-con e-child\" data-id=\"b61d691\" data-element_type=\"container\" data-e-type=\"container\">\n\t\t\t\t\t<div class=\"e-con-inner\">\n\t\t\t\t<div class=\"elementor-element elementor-element-5cfb669 elementor-widget elementor-widget-heading\" data-id=\"5cfb669\" data-element_type=\"widget\" data-e-type=\"widget\" data-widget_type=\"heading.default\">\n\t\t\t\t<div class=\"elementor-widget-container\">\n\t\t\t\t\t<h3 class=\"elementor-heading-title elementor-size-default\">Materii prime textile<\/h3>\t\t\t\t<\/div>\n\t\t\t\t<\/div>\n\t\t\t\t<div class=\"elementor-element elementor-element-ab8cbe8 elementor-widget elementor-widget-text-editor\" data-id=\"ab8cbe8\" data-element_type=\"widget\" data-e-type=\"widget\" data-widget_type=\"text-editor.default\">\n\t\t\t\t<div class=\"elementor-widget-container\">\n\t\t\t\t\t\t\t\t\t<p>L\u00e2n\u0103, acril, bumbac, fibre elementare sintetice din l\u00e2n\u0103 materii prime descomponibile ambalate \u00een balo\u021bi de 400-500 kg.<\/p>\n\t\t\t\t\t\t\t\t<\/div>\n\t\t\t\t<\/div>\n\t\t\t\t\t<\/div>\n\t\t\t\t<\/div>\n\t\t\t\t\t<\/div>\n\t\t\t\t<\/div>\n\t\t<div class=\"elementor-element elementor-element-5f77395 e-con-full e-flex e-con e-child\" data-id=\"5f77395\" data-element_type=\"container\" data-e-type=\"container\">\n\t\t\t\t<div class=\"elementor-element elementor-element-fd2a6a1 elementor-widget-divider--view-line elementor-widget elementor-widget-divider\" data-id=\"fd2a6a1\" data-element_type=\"widget\" data-e-type=\"widget\" data-widget_type=\"divider.default\">\n\t\t\t\t<div class=\"elementor-widget-container\">\n\t\t\t\t\t\t\t<div class=\"elementor-divider\">\n\t\t\t<span class=\"elementor-divider-separator\">\n\t\t\t\t\t\t<\/span>\n\t\t<\/div>\n\t\t\t\t\t\t<\/div>\n\t\t\t\t<\/div>\n\t\t\t\t<\/div>\n\t\t<div class=\"elementor-element elementor-element-db8456f e-flex e-con-boxed e-con e-child\" data-id=\"db8456f\" data-element_type=\"container\" data-e-type=\"container\" id=\"apritek\">\n\t\t\t\t\t<div class=\"e-con-inner\">\n\t\t<div class=\"elementor-element elementor-element-30cb062 e-con-full e-flex e-con e-child\" data-id=\"30cb062\" data-element_type=\"container\" data-e-type=\"container\">\n\t\t\t\t<div class=\"elementor-element elementor-element-278b6a5 elementor-widget elementor-widget-text-editor\" data-id=\"278b6a5\" data-element_type=\"widget\" data-e-type=\"widget\" data-widget_type=\"text-editor.default\">\n\t\t\t\t<div class=\"elementor-widget-container\">\n\t\t\t\t\t\t\t\t\t<p><img loading=\"lazy\" decoding=\"async\" class=\"size-full wp-image-3914\" src=\"https:\/\/textradekft.hu\/wp-content\/uploads\/2023\/10\/FlexTil-logo.png\" alt=\"\" width=\"250\" height=\"250\" srcset=\"https:\/\/textradekft.hu\/wp-content\/uploads\/2023\/10\/FlexTil-logo.png 250w, https:\/\/textradekft.hu\/wp-content\/uploads\/2023\/10\/FlexTil-logo-150x150.png 150w, https:\/\/textradekft.hu\/wp-content\/uploads\/2023\/10\/FlexTil-logo-217x217.png 217w\" sizes=\"(max-width: 250px) 100vw, 250px\" \/><\/p>\n\t\t\t\t\t\t\t\t<\/div>\n\t\t\t\t<\/div>\n\t\t\t\t<div class=\"elementor-element elementor-element-2e84e58 elementor-widget elementor-widget-heading\" data-id=\"2e84e58\" data-element_type=\"widget\" data-e-type=\"widget\" data-widget_type=\"heading.default\">\n\t\t\t\t<div class=\"elementor-widget-container\">\n\t\t\t\t\t<h3 class=\"elementor-heading-title elementor-size-default\">Materiale textile m\u0103run\u0163ite<\/h3>\t\t\t\t<\/div>\n\t\t\t\t<\/div>\n\t\t\t\t<div class=\"elementor-element elementor-element-cb173ba elementor-widget elementor-widget-text-editor\" data-id=\"cb173ba\" data-element_type=\"widget\" data-e-type=\"widget\" data-widget_type=\"text-editor.default\">\n\t\t\t\t<div class=\"elementor-widget-container\">\n\t\t\t\t\t\t\t\t\t<\/p>\n<p><a href=\"https:\/\/energytex.hu\"><span lang=\"HU\">energytex.hu<\/span><\/a><\/p>\n\t\t\t\t\t\t\t\t<\/div>\n\t\t\t\t<\/div>\n\t\t\t\t<\/div>\n\t\t<div class=\"elementor-element elementor-element-9be9eaf e-flex e-con-boxed e-con e-child\" data-id=\"9be9eaf\" data-element_type=\"container\" data-e-type=\"container\" data-settings=\"{&quot;background_background&quot;:&quot;classic&quot;}\">\n\t\t\t\t\t<div class=\"e-con-inner\">\n\t\t\t\t<div class=\"elementor-element elementor-element-031696a elementor-widget elementor-widget-image\" data-id=\"031696a\" data-element_type=\"widget\" data-e-type=\"widget\" data-widget_type=\"image.default\">\n\t\t\t\t<div class=\"elementor-widget-container\">\n\t\t\t\t\t\t\t\t\t\t\t\t\t\t\t<img loading=\"lazy\" decoding=\"async\" width=\"800\" height=\"800\" src=\"https:\/\/textradekft.hu\/wp-content\/uploads\/2023\/12\/textilapritek.png\" class=\"attachment-large size-large wp-image-5945\" alt=\"\" srcset=\"https:\/\/textradekft.hu\/wp-content\/uploads\/2023\/12\/textilapritek.png 902w, https:\/\/textradekft.hu\/wp-content\/uploads\/2023\/12\/textilapritek-300x300.png 300w, https:\/\/textradekft.hu\/wp-content\/uploads\/2023\/12\/textilapritek-150x150.png 150w, https:\/\/textradekft.hu\/wp-content\/uploads\/2023\/12\/textilapritek-768x768.png 768w, https:\/\/textradekft.hu\/wp-content\/uploads\/2023\/12\/textilapritek-217x217.png 217w\" sizes=\"(max-width: 800px) 100vw, 800px\" \/>\t\t\t\t\t\t\t\t\t\t\t\t\t\t\t<\/div>\n\t\t\t\t<\/div>\n\t\t\t\t\t<\/div>\n\t\t\t\t<\/div>\n\t\t\t\t\t<\/div>\n\t\t\t\t<\/div>\n\t\t\t\t<\/div>\n\t\t\t\t<\/div>\n\t\t","protected":false},"excerpt":{"rendered":"<p>\u00cembr\u0103c\u0103minte second-hand selectat\u0103 Produsele noastre finite sunt fabricate prin sortarea \u0219i clasificarea de c\u0103tre exper\u021bi a produselor originale provenite din Europa de Vest. \u00cen func\u021bie de tip, acestea sunt ambalate \u00een saci mici din PE transparen\u021bi (20-25 kg) sau \u00een saci mari din PP albi (40-100 kg). Oferim produsele noastre de top, extra \u0219i de [&hellip;]<\/p>\n","protected":false},"author":3,"featured_media":0,"parent":0,"menu_order":0,"comment_status":"closed","ping_status":"closed","template":"","meta":{"footnotes":""},"class_list":["post-5944","page","type-page","status-publish","hentry"],"_links":{"self":[{"href":"https:\/\/textradekft.hu\/ro\/wp-json\/wp\/v2\/pages\/5944","targetHints":{"allow":["GET"]}}],"collection":[{"href":"https:\/\/textradekft.hu\/ro\/wp-json\/wp\/v2\/pages"}],"about":[{"href":"https:\/\/textradekft.hu\/ro\/wp-json\/wp\/v2\/types\/page"}],"author":[{"embeddable":true,"href":"https:\/\/textradekft.hu\/ro\/wp-json\/wp\/v2\/users\/3"}],"replies":[{"embeddable":true,"href":"https:\/\/textradekft.hu\/ro\/wp-json\/wp\/v2\/comments?post=5944"}],"version-history":[{"count":0,"href":"https:\/\/textradekft.hu\/ro\/wp-json\/wp\/v2\/pages\/5944\/revisions"}],"wp:attachment":[{"href":"https:\/\/textradekft.hu\/ro\/wp-json\/wp\/v2\/media?parent=5944"}],"curies":[{"name":"wp","href":"https:\/\/api.w.org\/{rel}","templated":true}]}}