{"id":5879,"date":"2022-06-08T06:43:30","date_gmt":"2022-06-08T04:43:30","guid":{"rendered":"https:\/\/textradekft.hu\/careers\/"},"modified":"2024-12-16T20:14:21","modified_gmt":"2024-12-16T19:14:21","slug":"careers","status":"publish","type":"page","link":"https:\/\/textradekft.hu\/en\/careers\/","title":{"rendered":"Careers"},"content":{"rendered":"\t\t<div data-elementor-type=\"wp-page\" data-elementor-id=\"5879\" class=\"elementor elementor-5879 elementor-5\" data-elementor-post-type=\"page\">\n\t\t\t\t<div class=\"elementor-element elementor-element-65b4120 e-flex e-con-boxed e-con e-parent\" data-id=\"65b4120\" data-element_type=\"container\" data-e-type=\"container\">\n\t\t\t\t\t<div class=\"e-con-inner\">\n\t\t\t\t<div class=\"elementor-element elementor-element-095e4b3 elementor-widget elementor-widget-heading\" data-id=\"095e4b3\" data-element_type=\"widget\" data-e-type=\"widget\" data-widget_type=\"heading.default\">\n\t\t\t\t<div class=\"elementor-widget-container\">\n\t\t\t\t\t<h2 class=\"elementor-heading-title elementor-size-default\">Current vacant jobs<\/h2>\t\t\t\t<\/div>\n\t\t\t\t<\/div>\n\t\t\t\t\t<\/div>\n\t\t\t\t<\/div>\n\t\t<div class=\"elementor-element elementor-element-b15d4a5 e-flex e-con-boxed e-con e-parent\" data-id=\"b15d4a5\" data-element_type=\"container\" data-e-type=\"container\">\n\t\t\t\t\t<div class=\"e-con-inner\">\n\t\t\t\t<div class=\"elementor-element elementor-element-cd7420d elementor-widget elementor-widget-heading\" data-id=\"cd7420d\" data-element_type=\"widget\" data-e-type=\"widget\" data-widget_type=\"heading.default\">\n\t\t\t\t<div class=\"elementor-widget-container\">\n\t\t\t\t\t<h2 class=\"elementor-heading-title elementor-size-default\">We are looking for garment sorters for our work team<\/h2>\t\t\t\t<\/div>\n\t\t\t\t<\/div>\n\t\t\t\t\t<\/div>\n\t\t\t\t<\/div>\n\t\t<div class=\"elementor-element elementor-element-f4333bc e-flex e-con-boxed e-con e-parent\" data-id=\"f4333bc\" data-element_type=\"container\" data-e-type=\"container\">\n\t\t\t\t\t<div class=\"e-con-inner\">\n\t\t\t\t<div class=\"elementor-element elementor-element-409e218 elementor-widget elementor-widget-text-editor\" data-id=\"409e218\" data-element_type=\"widget\" data-e-type=\"widget\" data-widget_type=\"text-editor.default\">\n\t\t\t\t<div class=\"elementor-widget-container\">\n\t\t\t\t\t\t\t\t\t<p><strong>Would you like to work in a single daytime shift from Monday to Friday?<br \/>Do you have good stamina and have no problems with manual work?<br \/>If your answers are \u201cyes\u201d, we offer a job for you! <\/strong><\/p>\n<h2><a href=\"https:\/\/docs.google.com\/forms\/d\/e\/1FAIpQLSeVzLwZbwi0xqhBthrrrbKYUr7pkUTDNXVH5wKTamgRY8TRfw\/viewform?embedded=true\" target=\"_blank\" rel=\"noopener\">CLICK HERE TO APPLY<\/a><\/h2>\n<p><strong>Tasks<\/strong><\/p>\n<ul>\n<li>Sorting of used clothing and products received according to work instructions or as trained for the job.<\/li>\n<li>Sorting the products to the appropriate places and slots taken into account quality and quantity criteria.<\/li>\n<\/ul>\n<p><b>Expectations:<\/b><\/p>\n<ul>\n<li>Ism\u00e9tl\u0151d\u0151 rutinfeladatok ell\u00e1t\u00e1sa<\/li>\n<li>Performing repetitive routine tasks<\/li>\n<li>Ability to work standing and doing repetitive, manual and physical work tasks.<\/li>\n<li>Ability to work accurately and quickly upon training<\/li>\n<li>Adaptability (hot warehouse in summer, cool warehouse in winter \/ working with used products that may be dirty and\/or dusty)<\/li>\n<\/ul>\n<p><b>Working hours<\/b>: Monday-Friday 6:00-14:45.<br \/>10-minute break every hour (except first and last hour of shift), plus 30 minutes lunch break.<br \/>Production stops for two two-week breaks twice a year (summer, Christmas-New Year period).<\/p>\n<p><b>What we offer:<\/b><br \/><b>Benefits also during the training period:<\/b><\/p>\n<ul>\n<li>HUF 328,605 -397,785 gross per month (depending on the number of working days per month)<\/li>\n<li>gross monthly attendance bonus of HUF 22,500 net per month<\/li>\n<li>gift voucher in a net value of HUF 8,000 per month<\/li>\n<li>kg 7 of second-hand garments per month<\/li>\n<\/ul>\n<p><b>Benefits after training:<\/b><\/p>\n<ul>\n<li>HUF 266,800 gross monthly fixed base salary + volatile salary + performance bonus (if the standard is met, this ranges from HUF 328,605 Ft to HUF 397,785)<\/li>\n<li>Gross quarterly bonus of HUF 67,700<\/li>\n<li>gift voucher in a net value of HUF 8,000 per month<\/li>\n<li>kg 7 of second-hand garments per month<\/li>\n<\/ul>\n<p><b>Loyalty bonus:<\/b><br \/>Net HUF HUF 180,000 Ft\/half year after the first 6 months (if you work the second 6 months with us, net HUF 210,000 Ft after the 2nd half year)<br \/><b>In addition:<\/b><\/p>\n<ul>\n<li>Permanent, full-time employment contract<\/li>\n<li>Munk\u00e1ba j\u00e1r\u00e1s t\u00e1mogat\u00e1sa (helyk\u00f6zi \u00e9s helyij\u00e1ratos b\u00e9rlet 86%-a, aut\u00f3ra 30Ft\/km Sz\u00e9kesfeh\u00e9rv\u00e1ron k\u00edv\u00fcli telep\u00fcl\u00e9sr\u0151l)<\/li>\n<li>Stable employment opportunity in a company with almost 25 years of experience<\/li>\n<li>A job that can be learned in a few weeks, with the help of a trainer colleague<\/li>\n<li>No related administrative tasks, no need to record data in computer systems<\/li>\n<\/ul>\n<p><b>Workplace extras:<\/b><\/p>\n<ul>\n<li>Free coffee, soft drinks at work<\/li>\n<li>Company canteen<\/li>\n<li>Parking\/bicycle lockers<\/li>\n<li>Shower facilities<\/li>\n<\/ul>\n<p><b>Company information:<\/b> Textrade Kft. was founded in 1990 and through conscious development and investment has long been Hungary&#8217;s leading second-hand clothing wholesaler.<br \/>In the Sz\u00e9kesfeh\u00e9rv\u00e1r plant, raw materials from Western Europe (England, Switzerland, Austria, the Netherlands, Germany, Italy) are carefully sorted, graded and sold.<br \/>The products (selected second-hand clothing, machine rags, textile raw materials, textile chips) are sold domestically and in many countries of the world.<br \/>Sales, machine clothing, freight forwarding, garment containers, human resources, <br \/>Address, email, opening hours <\/p>\n<p><img fetchpriority=\"high\" decoding=\"async\" class=\"aligncenter wp-image-3866 size-full\" src=\"https:\/\/textradekft.hu\/wp-content\/uploads\/2023\/10\/DSC_9677-scaled.jpg\" alt=\"\" width=\"2560\" height=\"1703\"><\/p>\n\t\t\t\t\t\t\t\t<\/div>\n\t\t\t\t<\/div>\n\t\t\t\t\t<\/div>\n\t\t\t\t<\/div>\n\t\t\t\t<\/div>\n\t\t","protected":false},"excerpt":{"rendered":"<p>Current vacant jobs We are looking for garment sorters for our work team Would you like to work in a single daytime shift from Monday to Friday?Do you have good stamina and have no problems with manual work?If your answers are \u201cyes\u201d, we offer a job for you! CLICK HERE TO APPLY Tasks Sorting of [&hellip;]<\/p>\n","protected":false},"author":3,"featured_media":5880,"parent":0,"menu_order":0,"comment_status":"closed","ping_status":"closed","template":"","meta":{"footnotes":""},"class_list":["post-5879","page","type-page","status-publish","has-post-thumbnail","hentry"],"_links":{"self":[{"href":"https:\/\/textradekft.hu\/en\/wp-json\/wp\/v2\/pages\/5879","targetHints":{"allow":["GET"]}}],"collection":[{"href":"https:\/\/textradekft.hu\/en\/wp-json\/wp\/v2\/pages"}],"about":[{"href":"https:\/\/textradekft.hu\/en\/wp-json\/wp\/v2\/types\/page"}],"author":[{"embeddable":true,"href":"https:\/\/textradekft.hu\/en\/wp-json\/wp\/v2\/users\/3"}],"replies":[{"embeddable":true,"href":"https:\/\/textradekft.hu\/en\/wp-json\/wp\/v2\/comments?post=5879"}],"version-history":[{"count":0,"href":"https:\/\/textradekft.hu\/en\/wp-json\/wp\/v2\/pages\/5879\/revisions"}],"wp:featuredmedia":[{"embeddable":true,"href":"https:\/\/textradekft.hu\/en\/wp-json\/wp\/v2\/media\/5880"}],"wp:attachment":[{"href":"https:\/\/textradekft.hu\/en\/wp-json\/wp\/v2\/media?parent=5879"}],"curies":[{"name":"wp","href":"https:\/\/api.w.org\/{rel}","templated":true}]}}