{"id":5920,"date":"2022-06-08T06:43:30","date_gmt":"2022-06-08T04:43:30","guid":{"rendered":"https:\/\/textradekft.hu\/karriere\/"},"modified":"2024-12-16T20:14:34","modified_gmt":"2024-12-16T19:14:34","slug":"karriere","status":"publish","type":"page","link":"https:\/\/textradekft.hu\/de\/karriere\/","title":{"rendered":"Karriere"},"content":{"rendered":"\t\t<div data-elementor-type=\"wp-page\" data-elementor-id=\"5920\" class=\"elementor elementor-5920 elementor-5\" data-elementor-post-type=\"page\">\n\t\t\t\t<div class=\"elementor-element elementor-element-65b4120 e-flex e-con-boxed e-con e-parent\" data-id=\"65b4120\" data-element_type=\"container\" data-e-type=\"container\">\n\t\t\t\t\t<div class=\"e-con-inner\">\n\t\t\t\t<div class=\"elementor-element elementor-element-095e4b3 elementor-widget elementor-widget-heading\" data-id=\"095e4b3\" data-element_type=\"widget\" data-e-type=\"widget\" data-widget_type=\"heading.default\">\n\t\t\t\t<div class=\"elementor-widget-container\">\n\t\t\t\t\t<h2 class=\"elementor-heading-title elementor-size-default\">Aktuelle Stellenangebote<\/h2>\t\t\t\t<\/div>\n\t\t\t\t<\/div>\n\t\t\t\t\t<\/div>\n\t\t\t\t<\/div>\n\t\t<div class=\"elementor-element elementor-element-b15d4a5 e-flex e-con-boxed e-con e-parent\" data-id=\"b15d4a5\" data-element_type=\"container\" data-e-type=\"container\">\n\t\t\t\t\t<div class=\"e-con-inner\">\n\t\t\t\t<div class=\"elementor-element elementor-element-cd7420d elementor-widget elementor-widget-heading\" data-id=\"cd7420d\" data-element_type=\"widget\" data-e-type=\"widget\" data-widget_type=\"heading.default\">\n\t\t\t\t<div class=\"elementor-widget-container\">\n\t\t\t\t\t<h2 class=\"elementor-heading-title elementor-size-default\">Wir suchen Textilsortierer!<\/h2>\t\t\t\t<\/div>\n\t\t\t\t<\/div>\n\t\t\t\t\t<\/div>\n\t\t\t\t<\/div>\n\t\t<div class=\"elementor-element elementor-element-f4333bc e-flex e-con-boxed e-con e-parent\" data-id=\"f4333bc\" data-element_type=\"container\" data-e-type=\"container\">\n\t\t\t\t\t<div class=\"e-con-inner\">\n\t\t\t\t<div class=\"elementor-element elementor-element-409e218 elementor-widget elementor-widget-text-editor\" data-id=\"409e218\" data-element_type=\"widget\" data-e-type=\"widget\" data-widget_type=\"text-editor.default\">\n\t\t\t\t<div class=\"elementor-widget-container\">\n\t\t\t\t\t\t\t\t\t<p><strong>W\u00fcrdest du gerne in Tagschicht von Montag bis Freitag arbeiten?<br \/>Hast du Ausdauer und stellt dir k\u00f6rperliche Arbeit kein Problem dar?<br \/>Dann bist du bei uns genau richtig! <\/strong><\/p>\n<h2><a href=\"https:\/\/docs.google.com\/forms\/d\/e\/1FAIpQLSeVzLwZbwi0xqhBthrrrbKYUr7pkUTDNXVH5wKTamgRY8TRfw\/viewform?embedded=true\" target=\"_blank\" rel=\"noopener\">HIER KANNST DU DICH BEWERBEN<\/a><\/h2>\n<p><strong>Feladatok<\/strong><\/p>\n<ul>\n<li>Sortierung der einkommenden Second Hand Kleidung und Produkte gem\u00e4\u00df den Arbeitsanweisungen \/ Einarbeitung.<\/li>\n<li>Sortierung der Produkte an den richtigen Ort unter Ber\u00fccksichtigung der Qualit\u00e4ts- und Mengenvorgaben.<\/li>\n<\/ul>\n<p><b>Erwartungen:<\/b><\/p>\n<ul>\n<li>Ausf\u00fchrung wiederholender Routineaufgaben<\/li>\n<li>Steh-, und k\u00f6rperliche Arbeit<\/li>\n<li>Streben nach hochwertiger Arbeit<\/li>\n<li>Pr\u00e4zise und schnelle Arbeitsweise nach der Einarbeitung<\/li>\n<li>Anpassungsf\u00e4higkeit (im Sommer hei\u00dfe, im Winter kalte Lagergeb\u00e4ude \/ Arbeit mit gebrauchten Produkten, die schmutzig und staubig sein k\u00f6nnen)<\/li>\n<\/ul>\n<p><b>Arbeitszeiten<\/b>: Montag bis Freitag, 6:00-14:45 Uhr.<br \/>Jede Stunde 10 Minuten Pause (au\u00dfer in der ersten und letzten Stunde der Schicht), zus\u00e4tzlich 30 Minuten Mittagspause.<br \/>Zwei Wochen Betriebsruhe j\u00e4hrlich zweimal (Sommer und Weihnachts-, Neujahrsperiode).<\/p>\n<p><b>Was wir bieten:<\/b><br \/><b>Leistungen w\u00e4hrend der Einarbeitung:<\/b><\/p>\n<ul>\n<li>Monatliches Bruttogehalt 328.605 Ft &#8211; 397.785 Ft (abh\u00e4ngig von der Anzahl der Arbeitstage im Monat)<\/li>\n<li>Monatlicher Bruttobonus 22.500 Ft f\u00fcr Anwesenheit<\/li>\n<li>Monatlicher Nettogutschein von 8.000 Ft<\/li>\n<li>Monatlich 7 kg Gebrauchtkleidung<\/li>\n<\/ul>\n<p><b>Leistungen nach der Einarbeitung:<\/b><\/p>\n<ul>\n<li>Monatliches Bruttogehalt 266.800 Ft Grundgehalt + variable Verg\u00fctung + Leistungspr\u00e4mie (im Falle der Normerf\u00fcllung zwischen 328.605 Ft und 397.785 Ft)<\/li>\n<li>Viertelj\u00e4hrlicher Bruttobonus von 67.700 Ft<\/li>\n<li>Monatlicher Nettogutschein von 8.000 Ft<\/li>\n<li>Monatlich 7 kg Gebrauchtkleidung<\/li>\n<\/ul>\n<p><b>Treuebonus<\/b>:<br \/>Nach den ersten 6 Monaten: Netto 180.000 Ft \/ Halbjahr (Wenn du das zweite Halbjahr auch bei uns arbeitest, bekommst du nach dem zweiten Halbjahr netto 210.000 Ft)<br \/><b>Zus\u00e4tzlich:<\/b><\/p>\n<ul>\n<li>Unbefristeter Vollzeitarbeitsvertrag<\/li>\n<li>Unterst\u00fctzung bei den Fahrtkosten (86% der \u00dcberland- und \u00f6rtlichen Fahrkarte, 30 Ft\/km f\u00fcr Autofahrer, die aus St\u00e4dten au\u00dferhalb von Sz\u00e9kesfeh\u00e9rv\u00e1r kommen)<\/li>\n<li>Stabile Arbeitsm\u00f6glichkeit in einem fast 25 Jahre alten Unternehmen<\/li>\n<li>Ein Job, der in wenigen Wochen erlernt werden kann, mit Unterst\u00fctzung von Kollegen in Einarbeitung.<\/li>\n<li>Keine administrativen Aufgaben, keine Datenerfassung in Computersystemen<\/li>\n<\/ul>\n<p><b>Arbeitsplatzextras:<\/b><\/p>\n<ul>\n<li>Kostenlose Kaffee und Erfrischungsgetr\u00e4nke am Arbeitsplatz<\/li>\n<li>Kantine<\/li>\n<li>Parkpl\u00e4tze \/ Fahrradspeicher<\/li>\n<li>Duschm\u00f6glichkeit<\/li>\n<\/ul>\n<p><b>Unternehmensinformation:<\/b> Unser Unternehmen wurde in 1990 gegr\u00fcndet und befindet sich seitdem in einer kontinuierlichen Entwicklung. Dank gezielter Investitionen und Entwicklungen sind wir seit langem der f\u00fchrende Gro\u00dfh\u00e4ndler f\u00fcr gebrauchte Kleidung in Ungarn. In unserem Werk in Sz\u00e9kesfeh\u00e9rv\u00e1r erfolgt die sorgf\u00e4ltige Sortierung, Qualit\u00e4tsklassifizierung und der Vertrieb von Rohmaterialien aus Westeuropa (Gro\u00dfbritannien, Schweiz, \u00d6sterreich, Niederlande, Deutschland, Italien). Unsere Produkte verkaufen wir sowohl im Inland als auch in vielen L\u00e4ndern weltweit. <\/p>\n<p><img fetchpriority=\"high\" decoding=\"async\" class=\"aligncenter wp-image-3866 size-full\" src=\"https:\/\/textradekft.hu\/wp-content\/uploads\/2023\/10\/DSC_9677-scaled.jpg\" alt=\"\" width=\"2560\" height=\"1703\"><\/p>\n\t\t\t\t\t\t\t\t<\/div>\n\t\t\t\t<\/div>\n\t\t\t\t\t<\/div>\n\t\t\t\t<\/div>\n\t\t\t\t<\/div>\n\t\t","protected":false},"excerpt":{"rendered":"<p>Aktuelle Stellenangebote Wir suchen Textilsortierer! W\u00fcrdest du gerne in Tagschicht von Montag bis Freitag arbeiten?Hast du Ausdauer und stellt dir k\u00f6rperliche Arbeit kein Problem dar?Dann bist du bei uns genau richtig! HIER KANNST DU DICH BEWERBEN Feladatok Sortierung der einkommenden Second Hand Kleidung und Produkte gem\u00e4\u00df den Arbeitsanweisungen \/ Einarbeitung. Sortierung der Produkte an den [&hellip;]<\/p>\n","protected":false},"author":3,"featured_media":5921,"parent":0,"menu_order":0,"comment_status":"closed","ping_status":"closed","template":"","meta":{"footnotes":""},"class_list":["post-5920","page","type-page","status-publish","has-post-thumbnail","hentry"],"_links":{"self":[{"href":"https:\/\/textradekft.hu\/de\/wp-json\/wp\/v2\/pages\/5920","targetHints":{"allow":["GET"]}}],"collection":[{"href":"https:\/\/textradekft.hu\/de\/wp-json\/wp\/v2\/pages"}],"about":[{"href":"https:\/\/textradekft.hu\/de\/wp-json\/wp\/v2\/types\/page"}],"author":[{"embeddable":true,"href":"https:\/\/textradekft.hu\/de\/wp-json\/wp\/v2\/users\/3"}],"replies":[{"embeddable":true,"href":"https:\/\/textradekft.hu\/de\/wp-json\/wp\/v2\/comments?post=5920"}],"version-history":[{"count":0,"href":"https:\/\/textradekft.hu\/de\/wp-json\/wp\/v2\/pages\/5920\/revisions"}],"wp:featuredmedia":[{"embeddable":true,"href":"https:\/\/textradekft.hu\/de\/wp-json\/wp\/v2\/media\/5921"}],"wp:attachment":[{"href":"https:\/\/textradekft.hu\/de\/wp-json\/wp\/v2\/media?parent=5920"}],"curies":[{"name":"wp","href":"https:\/\/api.w.org\/{rel}","templated":true}]}}