{"id":5917,"date":"2023-12-22T22:15:00","date_gmt":"2023-12-22T21:15:00","guid":{"rendered":"https:\/\/textradekft.hu\/unsere-produkte\/"},"modified":"2024-12-16T17:56:46","modified_gmt":"2024-12-16T16:56:46","slug":"unsere-produkte","status":"publish","type":"page","link":"https:\/\/textradekft.hu\/de\/unsere-produkte\/","title":{"rendered":"Unsere Produkte"},"content":{"rendered":"\t\t<div data-elementor-type=\"wp-page\" data-elementor-id=\"5917\" class=\"elementor elementor-5917 elementor-4830\" data-elementor-post-type=\"page\">\n\t\t\t\t<div class=\"elementor-element elementor-element-f1fc78d e-con-full products e-flex e-con e-parent\" data-id=\"f1fc78d\" data-element_type=\"container\" data-e-type=\"container\">\n\t\t<div class=\"elementor-element elementor-element-cfcf550 e-flex e-con-boxed e-con e-child\" data-id=\"cfcf550\" data-element_type=\"container\" data-e-type=\"container\" id=\"valogatott\">\n\t\t\t\t\t<div class=\"e-con-inner\">\n\t\t<div class=\"elementor-element elementor-element-022a02d e-flex e-con-boxed e-con e-child\" data-id=\"022a02d\" data-element_type=\"container\" data-e-type=\"container\" data-settings=\"{&quot;background_background&quot;:&quot;classic&quot;}\">\n\t\t\t\t\t<div class=\"e-con-inner\">\n\t\t\t\t<div class=\"elementor-element elementor-element-050b7bc elementor-widget elementor-widget-image\" data-id=\"050b7bc\" data-element_type=\"widget\" data-e-type=\"widget\" data-widget_type=\"image.default\">\n\t\t\t\t<div class=\"elementor-widget-container\">\n\t\t\t\t\t\t\t\t\t\t\t\t\t\t\t<img fetchpriority=\"high\" decoding=\"async\" width=\"800\" height=\"800\" src=\"https:\/\/textradekft.hu\/wp-content\/uploads\/2023\/12\/termek1-1024x1024.jpg\" class=\"attachment-large size-large wp-image-5903\" alt=\"\" srcset=\"https:\/\/textradekft.hu\/wp-content\/uploads\/2023\/12\/termek1-1024x1024.jpg 1024w, https:\/\/textradekft.hu\/wp-content\/uploads\/2023\/12\/termek1-300x300.jpg 300w, https:\/\/textradekft.hu\/wp-content\/uploads\/2023\/12\/termek1-150x150.jpg 150w, https:\/\/textradekft.hu\/wp-content\/uploads\/2023\/12\/termek1-768x768.jpg 768w, https:\/\/textradekft.hu\/wp-content\/uploads\/2023\/12\/termek1-217x217.jpg 217w, https:\/\/textradekft.hu\/wp-content\/uploads\/2023\/12\/termek1.jpg 1333w\" sizes=\"(max-width: 800px) 100vw, 800px\" \/>\t\t\t\t\t\t\t\t\t\t\t\t\t\t\t<\/div>\n\t\t\t\t<\/div>\n\t\t\t\t\t<\/div>\n\t\t\t\t<\/div>\n\t\t<div class=\"elementor-element elementor-element-98a2888 e-flex e-con-boxed e-con e-child\" data-id=\"98a2888\" data-element_type=\"container\" data-e-type=\"container\">\n\t\t\t\t\t<div class=\"e-con-inner\">\n\t\t\t\t<div class=\"elementor-element elementor-element-f13f523 elementor-widget elementor-widget-heading\" data-id=\"f13f523\" data-element_type=\"widget\" data-e-type=\"widget\" data-widget_type=\"heading.default\">\n\t\t\t\t<div class=\"elementor-widget-container\">\n\t\t\t\t\t<h3 class=\"elementor-heading-title elementor-size-default\">Sortierte gebrauchte Kleidung<\/h3>\t\t\t\t<\/div>\n\t\t\t\t<\/div>\n\t\t\t\t<div class=\"elementor-element elementor-element-de6092a elementor-widget elementor-widget-text-editor\" data-id=\"de6092a\" data-element_type=\"widget\" data-e-type=\"widget\" data-widget_type=\"text-editor.default\">\n\t\t\t\t<div class=\"elementor-widget-container\">\n\t\t\t\t\t\t\t\t\t<p><span style=\"text-align: var(--text-align); background-color: var(--alpha-page-wrapper-bg-color);\">Die aus Westeuropa bezogenen Originalwaren werden von Experten sorgf\u00e4ltig sortiert und klassifiziert. Infolge werden unsere Fertigprodukte hergestellt.<\/span><\/p>\n<p><span style=\"text-align: var(--text-align); background-color: var(--alpha-page-wrapper-bg-color); letter-spacing: var(--alpha-body-letter-spacing); text-transform: var(--alpha-body-text-transform);\">Diese Produkte verpacken wir je nach Typ in kleine, transparente PE-S\u00e4cke (20-25 kg) oder gro\u00dfe wei\u00dfe PP-S\u00e4cke (40-100 kg). Unsere Produkte der Creme-, Extra- und Erstklasse empfehlen wir unseren Wiederverk\u00e4ufern.<\/span><\/p>\n<p><span style=\"text-align: var(--text-align); background-color: var(--alpha-page-wrapper-bg-color); letter-spacing: var(--alpha-body-letter-spacing); text-transform: var(--alpha-body-text-transform);\">Wenn du die dir passenden Produkte selbst ausw\u00e4hlen m\u00f6chtest, bieten wir auch die M\u00f6glichkeit, Original-\/unsortierte Ware selbst zu sortieren. Kontaktiere uns f\u00fcr weitere Details und Bedingungen telefonisch oder per E-Mail! <\/span><\/p>\n<p><span style=\"text-align: var(--text-align); background-color: var(--alpha-page-wrapper-bg-color); letter-spacing: var(--alpha-body-letter-spacing); text-transform: var(--alpha-body-text-transform);\">F\u00fcr unsere Exportm\u00e4rkte stellen wir gepresste Ballen in Gr\u00f6\u00dfen von 45-55-450 kg zusammen. Diese sortieren und verpacken wir nach sorgf\u00e4ltiger Pr\u00fcfung der Kundenanforderungen. Unser Ziel ist langfristige Partnerschaften aufzubauen. <\/span><\/p>\n<p><span style=\"text-align: var(--text-align); background-color: var(--alpha-page-wrapper-bg-color); letter-spacing: var(--alpha-body-letter-spacing); text-transform: var(--alpha-body-text-transform);\">Kontinuierliche Dialog und die Bed\u00fcrfnisse unserer Kunden sowohl zu erkennen, als auch zu erf\u00fcllen sind uns von gro\u00dfer Bedeutung. <\/span><span style=\"text-align: var(--text-align); background-color: var(--alpha-page-wrapper-bg-color); letter-spacing: var(--alpha-body-letter-spacing); text-transform: var(--alpha-body-text-transform);\">Dank unserer Erfahrung im internationalen Handel k\u00f6nnen wir schnellen und effizienten Transport, sowie alle notwendigen Dokumente sicherstellen.<\/span><\/p>\n\t\t\t\t\t\t\t\t<\/div>\n\t\t\t\t<\/div>\n\t\t\t\t\t<\/div>\n\t\t\t\t<\/div>\n\t\t\t\t\t<\/div>\n\t\t\t\t<\/div>\n\t\t<div class=\"elementor-element elementor-element-007efc2 e-con-full e-flex e-con e-child\" data-id=\"007efc2\" data-element_type=\"container\" data-e-type=\"container\">\n\t\t\t\t<div class=\"elementor-element elementor-element-fbedf58 elementor-widget-divider--view-line elementor-widget elementor-widget-divider\" data-id=\"fbedf58\" data-element_type=\"widget\" data-e-type=\"widget\" data-widget_type=\"divider.default\">\n\t\t\t\t<div class=\"elementor-widget-container\">\n\t\t\t\t\t\t\t<div class=\"elementor-divider\">\n\t\t\t<span class=\"elementor-divider-separator\">\n\t\t\t\t\t\t<\/span>\n\t\t<\/div>\n\t\t\t\t\t\t<\/div>\n\t\t\t\t<\/div>\n\t\t\t\t<\/div>\n\t\t<div class=\"elementor-element elementor-element-f72a11c e-flex e-con-boxed e-con e-child\" data-id=\"f72a11c\" data-element_type=\"container\" data-e-type=\"container\" id=\"geprongy\">\n\t\t\t\t\t<div class=\"e-con-inner\">\n\t\t<div class=\"elementor-element elementor-element-bbdbebc e-flex e-con-boxed e-con e-child\" data-id=\"bbdbebc\" data-element_type=\"container\" data-e-type=\"container\">\n\t\t\t\t\t<div class=\"e-con-inner\">\n\t\t\t\t<div class=\"elementor-element elementor-element-5384c17 elementor-widget elementor-widget-heading\" data-id=\"5384c17\" data-element_type=\"widget\" data-e-type=\"widget\" data-widget_type=\"heading.default\">\n\t\t\t\t<div class=\"elementor-widget-container\">\n\t\t\t\t\t<h3 class=\"elementor-heading-title elementor-size-default\">Maschinenputzt\u00fccher<\/h3>\t\t\t\t<\/div>\n\t\t\t\t<\/div>\n\t\t\t\t<div class=\"elementor-element elementor-element-b37a62b elementor-widget elementor-widget-text-editor\" data-id=\"b37a62b\" data-element_type=\"widget\" data-e-type=\"widget\" data-widget_type=\"text-editor.default\">\n\t\t\t\t<div class=\"elementor-widget-container\">\n\t\t\t\t\t\t\t\t\t<p>Ein gro\u00dfer Teil der nicht wiederverwendbaren Produkte wird als Maschinenputzt\u00fccher verarbeitet.<\/p>\n<p>In unserem Angebot wirst du das dir passende Produkt sicherlich finden, entweder in geschnittenem oder ungeschnittenem Form, was sorgf\u00e4ltig sortiert und in 5-10-25-400 kg gepressten Ballen verkauft wird.<\/p>\n\t\t\t\t\t\t\t\t<\/div>\n\t\t\t\t<\/div>\n\t\t\t\t\t<\/div>\n\t\t\t\t<\/div>\n\t\t<div class=\"elementor-element elementor-element-0a3e1fa e-flex e-con-boxed e-con e-child\" data-id=\"0a3e1fa\" data-element_type=\"container\" data-e-type=\"container\" data-settings=\"{&quot;background_background&quot;:&quot;classic&quot;}\">\n\t\t\t\t\t<div class=\"e-con-inner\">\n\t\t\t\t<div class=\"elementor-element elementor-element-54b30b5 elementor-widget elementor-widget-image\" data-id=\"54b30b5\" data-element_type=\"widget\" data-e-type=\"widget\" data-widget_type=\"image.default\">\n\t\t\t\t<div class=\"elementor-widget-container\">\n\t\t\t\t\t\t\t\t\t\t\t\t\t\t\t<img decoding=\"async\" width=\"800\" height=\"800\" src=\"https:\/\/textradekft.hu\/wp-content\/uploads\/2023\/12\/termek2-1024x1024.jpg\" class=\"attachment-large size-large wp-image-5901\" alt=\"\" srcset=\"https:\/\/textradekft.hu\/wp-content\/uploads\/2023\/12\/termek2-1024x1024.jpg 1024w, https:\/\/textradekft.hu\/wp-content\/uploads\/2023\/12\/termek2-300x300.jpg 300w, https:\/\/textradekft.hu\/wp-content\/uploads\/2023\/12\/termek2-150x150.jpg 150w, https:\/\/textradekft.hu\/wp-content\/uploads\/2023\/12\/termek2-768x768.jpg 768w, https:\/\/textradekft.hu\/wp-content\/uploads\/2023\/12\/termek2-217x217.jpg 217w, https:\/\/textradekft.hu\/wp-content\/uploads\/2023\/12\/termek2.jpg 1333w\" sizes=\"(max-width: 800px) 100vw, 800px\" \/>\t\t\t\t\t\t\t\t\t\t\t\t\t\t\t<\/div>\n\t\t\t\t<\/div>\n\t\t\t\t\t<\/div>\n\t\t\t\t<\/div>\n\t\t\t\t\t<\/div>\n\t\t\t\t<\/div>\n\t\t<div class=\"elementor-element elementor-element-97bd2b4 e-con-full e-flex e-con e-child\" data-id=\"97bd2b4\" data-element_type=\"container\" data-e-type=\"container\">\n\t\t\t\t<div class=\"elementor-element elementor-element-ea6fd6f elementor-widget-divider--view-line elementor-widget elementor-widget-divider\" data-id=\"ea6fd6f\" data-element_type=\"widget\" data-e-type=\"widget\" data-widget_type=\"divider.default\">\n\t\t\t\t<div class=\"elementor-widget-container\">\n\t\t\t\t\t\t\t<div class=\"elementor-divider\">\n\t\t\t<span class=\"elementor-divider-separator\">\n\t\t\t\t\t\t<\/span>\n\t\t<\/div>\n\t\t\t\t\t\t<\/div>\n\t\t\t\t<\/div>\n\t\t\t\t<\/div>\n\t\t\t\t<\/div>\n\t\t<div class=\"elementor-element elementor-element-a96067b e-con-full products e-flex e-con e-parent\" data-id=\"a96067b\" data-element_type=\"container\" data-e-type=\"container\">\n\t\t<div class=\"elementor-element elementor-element-1c22e4a e-flex e-con-boxed e-con e-child\" data-id=\"1c22e4a\" data-element_type=\"container\" data-e-type=\"container\" id=\"alapanyag\">\n\t\t\t\t\t<div class=\"e-con-inner\">\n\t\t<div class=\"elementor-element elementor-element-9887225 e-flex e-con-boxed e-con e-child\" data-id=\"9887225\" data-element_type=\"container\" data-e-type=\"container\" data-settings=\"{&quot;background_background&quot;:&quot;classic&quot;}\">\n\t\t\t\t\t<div class=\"e-con-inner\">\n\t\t\t\t<div class=\"elementor-element elementor-element-a25dec4 elementor-widget elementor-widget-image\" data-id=\"a25dec4\" data-element_type=\"widget\" data-e-type=\"widget\" data-widget_type=\"image.default\">\n\t\t\t\t<div class=\"elementor-widget-container\">\n\t\t\t\t\t\t\t\t\t\t\t\t\t\t\t<img decoding=\"async\" width=\"800\" height=\"800\" src=\"https:\/\/textradekft.hu\/wp-content\/uploads\/2023\/12\/termek3-1024x1024.jpg\" class=\"attachment-large size-large wp-image-5902\" alt=\"\" srcset=\"https:\/\/textradekft.hu\/wp-content\/uploads\/2023\/12\/termek3-1024x1024.jpg 1024w, https:\/\/textradekft.hu\/wp-content\/uploads\/2023\/12\/termek3-300x300.jpg 300w, https:\/\/textradekft.hu\/wp-content\/uploads\/2023\/12\/termek3-150x150.jpg 150w, https:\/\/textradekft.hu\/wp-content\/uploads\/2023\/12\/termek3-768x768.jpg 768w, https:\/\/textradekft.hu\/wp-content\/uploads\/2023\/12\/termek3-217x217.jpg 217w, https:\/\/textradekft.hu\/wp-content\/uploads\/2023\/12\/termek3.jpg 1333w\" sizes=\"(max-width: 800px) 100vw, 800px\" \/>\t\t\t\t\t\t\t\t\t\t\t\t\t\t\t<\/div>\n\t\t\t\t<\/div>\n\t\t\t\t\t<\/div>\n\t\t\t\t<\/div>\n\t\t<div class=\"elementor-element elementor-element-b61d691 e-flex e-con-boxed e-con e-child\" data-id=\"b61d691\" data-element_type=\"container\" data-e-type=\"container\">\n\t\t\t\t\t<div class=\"e-con-inner\">\n\t\t\t\t<div class=\"elementor-element elementor-element-5cfb669 elementor-widget elementor-widget-heading\" data-id=\"5cfb669\" data-element_type=\"widget\" data-e-type=\"widget\" data-widget_type=\"heading.default\">\n\t\t\t\t<div class=\"elementor-widget-container\">\n\t\t\t\t\t<h3 class=\"elementor-heading-title elementor-size-default\">Textilrohstoffe<\/h3>\t\t\t\t<\/div>\n\t\t\t\t<\/div>\n\t\t\t\t<div class=\"elementor-element elementor-element-ab8cbe8 elementor-widget elementor-widget-text-editor\" data-id=\"ab8cbe8\" data-element_type=\"widget\" data-e-type=\"widget\" data-widget_type=\"text-editor.default\">\n\t\t\t\t<div class=\"elementor-widget-container\">\n\t\t\t\t\t\t\t\t\t<p>Wolle, Acryl, Baumwolle, Woll-Synthesefasern geeignet f\u00fcr Faserspaltung, in 400-500 kg Ballen verpackt.<\/p>\n\t\t\t\t\t\t\t\t<\/div>\n\t\t\t\t<\/div>\n\t\t\t\t\t<\/div>\n\t\t\t\t<\/div>\n\t\t\t\t\t<\/div>\n\t\t\t\t<\/div>\n\t\t<div class=\"elementor-element elementor-element-5f77395 e-con-full e-flex e-con e-child\" data-id=\"5f77395\" data-element_type=\"container\" data-e-type=\"container\">\n\t\t\t\t<div class=\"elementor-element elementor-element-fd2a6a1 elementor-widget-divider--view-line elementor-widget elementor-widget-divider\" data-id=\"fd2a6a1\" data-element_type=\"widget\" data-e-type=\"widget\" data-widget_type=\"divider.default\">\n\t\t\t\t<div class=\"elementor-widget-container\">\n\t\t\t\t\t\t\t<div class=\"elementor-divider\">\n\t\t\t<span class=\"elementor-divider-separator\">\n\t\t\t\t\t\t<\/span>\n\t\t<\/div>\n\t\t\t\t\t\t<\/div>\n\t\t\t\t<\/div>\n\t\t\t\t<\/div>\n\t\t<div class=\"elementor-element elementor-element-db8456f e-flex e-con-boxed e-con e-child\" data-id=\"db8456f\" data-element_type=\"container\" data-e-type=\"container\" id=\"apritek\">\n\t\t\t\t\t<div class=\"e-con-inner\">\n\t\t<div class=\"elementor-element elementor-element-30cb062 e-con-full e-flex e-con e-child\" data-id=\"30cb062\" data-element_type=\"container\" data-e-type=\"container\">\n\t\t\t\t<div class=\"elementor-element elementor-element-278b6a5 elementor-widget elementor-widget-text-editor\" data-id=\"278b6a5\" data-element_type=\"widget\" data-e-type=\"widget\" data-widget_type=\"text-editor.default\">\n\t\t\t\t<div class=\"elementor-widget-container\">\n\t\t\t\t\t\t\t\t\t<p><img loading=\"lazy\" decoding=\"async\" class=\"size-full wp-image-3914\" src=\"https:\/\/textradekft.hu\/wp-content\/uploads\/2023\/10\/FlexTil-logo.png\" alt=\"\" width=\"250\" height=\"250\" srcset=\"https:\/\/textradekft.hu\/wp-content\/uploads\/2023\/10\/FlexTil-logo.png 250w, https:\/\/textradekft.hu\/wp-content\/uploads\/2023\/10\/FlexTil-logo-150x150.png 150w, https:\/\/textradekft.hu\/wp-content\/uploads\/2023\/10\/FlexTil-logo-217x217.png 217w\" sizes=\"(max-width: 250px) 100vw, 250px\" \/><\/p>\n\t\t\t\t\t\t\t\t<\/div>\n\t\t\t\t<\/div>\n\t\t\t\t<div class=\"elementor-element elementor-element-2e84e58 elementor-widget elementor-widget-heading\" data-id=\"2e84e58\" data-element_type=\"widget\" data-e-type=\"widget\" data-widget_type=\"heading.default\">\n\t\t\t\t<div class=\"elementor-widget-container\">\n\t\t\t\t\t<h3 class=\"elementor-heading-title elementor-size-default\">Textilmahlgut<\/h3>\t\t\t\t<\/div>\n\t\t\t\t<\/div>\n\t\t\t\t<div class=\"elementor-element elementor-element-cb173ba elementor-widget elementor-widget-text-editor\" data-id=\"cb173ba\" data-element_type=\"widget\" data-e-type=\"widget\" data-widget_type=\"text-editor.default\">\n\t\t\t\t<div class=\"elementor-widget-container\">\n\t\t\t\t\t\t\t\t\t<\/p>\n<p><a href=\"https:\/\/energytex.hu\"><span lang=\"HU\">energytex.hu<\/span><\/a><\/p>\n\t\t\t\t\t\t\t\t<\/div>\n\t\t\t\t<\/div>\n\t\t\t\t<\/div>\n\t\t<div class=\"elementor-element elementor-element-9be9eaf e-flex e-con-boxed e-con e-child\" data-id=\"9be9eaf\" data-element_type=\"container\" data-e-type=\"container\" data-settings=\"{&quot;background_background&quot;:&quot;classic&quot;}\">\n\t\t\t\t\t<div class=\"e-con-inner\">\n\t\t\t\t<div class=\"elementor-element elementor-element-031696a elementor-widget elementor-widget-image\" data-id=\"031696a\" data-element_type=\"widget\" data-e-type=\"widget\" data-widget_type=\"image.default\">\n\t\t\t\t<div class=\"elementor-widget-container\">\n\t\t\t\t\t\t\t\t\t\t\t\t\t\t\t<img loading=\"lazy\" decoding=\"async\" width=\"800\" height=\"800\" src=\"https:\/\/textradekft.hu\/wp-content\/uploads\/2023\/12\/textilapritek.png\" class=\"attachment-large size-large wp-image-5918\" alt=\"\" srcset=\"https:\/\/textradekft.hu\/wp-content\/uploads\/2023\/12\/textilapritek.png 902w, https:\/\/textradekft.hu\/wp-content\/uploads\/2023\/12\/textilapritek-300x300.png 300w, https:\/\/textradekft.hu\/wp-content\/uploads\/2023\/12\/textilapritek-150x150.png 150w, https:\/\/textradekft.hu\/wp-content\/uploads\/2023\/12\/textilapritek-768x768.png 768w, https:\/\/textradekft.hu\/wp-content\/uploads\/2023\/12\/textilapritek-217x217.png 217w\" sizes=\"(max-width: 800px) 100vw, 800px\" \/>\t\t\t\t\t\t\t\t\t\t\t\t\t\t\t<\/div>\n\t\t\t\t<\/div>\n\t\t\t\t\t<\/div>\n\t\t\t\t<\/div>\n\t\t\t\t\t<\/div>\n\t\t\t\t<\/div>\n\t\t\t\t<\/div>\n\t\t\t\t<\/div>\n\t\t","protected":false},"excerpt":{"rendered":"<p>Sortierte gebrauchte Kleidung Die aus Westeuropa bezogenen Originalwaren werden von Experten sorgf\u00e4ltig sortiert und klassifiziert. Infolge werden unsere Fertigprodukte hergestellt. Diese Produkte verpacken wir je nach Typ in kleine, transparente PE-S\u00e4cke (20-25 kg) oder gro\u00dfe wei\u00dfe PP-S\u00e4cke (40-100 kg). Unsere Produkte der Creme-, Extra- und Erstklasse empfehlen wir unseren Wiederverk\u00e4ufern. Wenn du die dir passenden [&hellip;]<\/p>\n","protected":false},"author":3,"featured_media":0,"parent":0,"menu_order":0,"comment_status":"closed","ping_status":"closed","template":"","meta":{"footnotes":""},"class_list":["post-5917","page","type-page","status-publish","hentry"],"_links":{"self":[{"href":"https:\/\/textradekft.hu\/de\/wp-json\/wp\/v2\/pages\/5917","targetHints":{"allow":["GET"]}}],"collection":[{"href":"https:\/\/textradekft.hu\/de\/wp-json\/wp\/v2\/pages"}],"about":[{"href":"https:\/\/textradekft.hu\/de\/wp-json\/wp\/v2\/types\/page"}],"author":[{"embeddable":true,"href":"https:\/\/textradekft.hu\/de\/wp-json\/wp\/v2\/users\/3"}],"replies":[{"embeddable":true,"href":"https:\/\/textradekft.hu\/de\/wp-json\/wp\/v2\/comments?post=5917"}],"version-history":[{"count":0,"href":"https:\/\/textradekft.hu\/de\/wp-json\/wp\/v2\/pages\/5917\/revisions"}],"wp:attachment":[{"href":"https:\/\/textradekft.hu\/de\/wp-json\/wp\/v2\/media?parent=5917"}],"curies":[{"name":"wp","href":"https:\/\/api.w.org\/{rel}","templated":true}]}}